{"id":179,"date":"2025-09-16T10:34:30","date_gmt":"2025-09-16T10:34:30","guid":{"rendered":"https:\/\/ontopco.com\/terms-and-conditions\/"},"modified":"2025-11-23T19:09:53","modified_gmt":"2025-11-23T19:09:53","slug":"terms-and-conditions","status":"publish","type":"page","link":"https:\/\/ontopco.com\/de\/terms-and-conditions\/","title":{"rendered":"Allgemeine Gesch\u00e4ftsbedingungen"},"content":{"rendered":"<div data-elementor-type=\"wp-page\" data-elementor-id=\"179\" class=\"elementor elementor-179\">\n\t\t\t\t<div class=\"elementor-element elementor-element-b7ydx1jg twbb_section e-flex e-con-boxed e-con e-parent\" data-id=\"b7ydx1jg\" data-element_type=\"container\">\n\t\t\t\t\t<div class=\"e-con-inner\">\n\t\t\t\t<div class=\"elementor-element elementor-element-e4o6m2lk elementor-widget__width-initial elementor-widget-mobile__width-inherit elementor-widget-tablet__width-initial elementor-invisible elementor-widget elementor-widget-heading\" data-id=\"e4o6m2lk\" data-element_type=\"widget\" data-settings=\"{&quot;_animation&quot;:&quot;fadeInUp&quot;}\" data-widget_type=\"heading.default\">\n\t\t\t\t\t<h1 class=\"elementor-heading-title elementor-size-default\">Allgemeine Gesch\u00e4ftsbedingungen<\/h1>\t\t\t\t<\/div>\n\t\t\t\t\t<\/div>\n\t\t\t\t<\/div>\n\t\t<div class=\"elementor-element elementor-element-yfuzhuxx twbb_section e-flex e-con-boxed e-con e-parent\" data-id=\"yfuzhuxx\" data-element_type=\"container\">\n\t\t\t\t\t<div class=\"e-con-inner\">\n\t\t\t\t<div class=\"elementor-element elementor-element-0sd98krk elementor-widget__width-initial elementor-widget-mobile__width-inherit elementor-widget-tablet__width-initial elementor-invisible elementor-widget elementor-widget-text-editor\" data-id=\"0sd98krk\" data-element_type=\"widget\" data-settings=\"{&quot;_animation&quot;:&quot;fadeInUp&quot;}\" data-widget_type=\"text-editor.default\">\n\t\t\t\t\t\t\t\t\t<p><b>Allgemeine Gesch\u00e4ftsbedingungen<\/b><\/p><p><b>1. Annahme der Bedingungen<\/b><\/p><p>Durch den Zugriff auf oder die Nutzung der ONTOPCO-Website erkl\u00e4ren Sie sich mit diesen Allgemeinen Gesch\u00e4ftsbedingungen einverstanden. Sollten Sie mit diesen Bedingungen nicht einverstanden sein, bitten wir Sie, die Website nicht zu nutzen.<\/p><p><b>2. \u00c4nderungen der Bedingungen<\/b><\/p><p>ONTOPCO beh\u00e4lt sich das Recht vor, diese Allgemeinen Gesch\u00e4ftsbedingungen jederzeit zu \u00e4ndern. Die aktualisierten Bedingungen werden auf dieser Seite ver\u00f6ffentlicht, und Ihre fortgesetzte Nutzung der Website nach solchen \u00c4nderungen stellt Ihre Zustimmung zu den \u00fcberarbeiteten Bedingungen dar.<\/p><p><b>3. Geistiges Eigentum<\/b><\/p><p>Alle Inhalte auf der ONTOPCO-Website, einschlie\u00dflich, aber nicht beschr\u00e4nkt auf Text, Grafiken, Logos und Bilder, sind Eigentum von ONTOPCO oder deren Lizenzgebern. Sie d\u00fcrfen diese Inhalte ohne ausdr\u00fcckliche schriftliche Genehmigung nicht reproduzieren, verbreiten oder anderweitig verwenden.<\/p><p><b>4. Nutzerverhalten<\/b><\/p><p>Sie stimmen zu, die ONTOPCO-Website in einer Weise zu nutzen, die keine geltenden Gesetze oder Vorschriften verletzt. Ihnen ist es untersagt, sich an Aktivit\u00e4ten zu beteiligen, die der Website oder ihren Nutzern schaden oder diese st\u00f6ren k\u00f6nnten.<\/p><p><b>5. Haftungsbeschr\u00e4nkung<\/b><\/p><p>ONTOPCO haftet nicht f\u00fcr Sch\u00e4den, die aus Ihrer Nutzung der Website entstehen, einschlie\u00dflich, aber nicht beschr\u00e4nkt auf direkte, indirekte, zuf\u00e4llige, Folgesch\u00e4den oder Strafschadensersatz.<\/p><p><b>6. Anwendbares Recht<\/b><\/p><p>Diese Allgemeinen Gesch\u00e4ftsbedingungen unterliegen den Gesetzen von Lettland und sind in \u00dcbereinstimmung mit diesen auszulegen.<\/p><p><b>Kontaktieren Sie uns<\/b><\/p><p>Bei Fragen oder Bedenken hinsichtlich dieser Allgemeinen Gesch\u00e4ftsbedingungen kontaktieren Sie uns bitte unter: info@ontopco.com<\/p>\t\t\t\t\t\t\t\t<\/div>\n\t\t\t\t\t<\/div>\n\t\t\t\t<\/div>\n\t\t\t\t<\/div>","protected":false},"excerpt":{"rendered":"<p>Terms and Conditions Terms and Conditions for ONTOPCO 1. Acceptance of Terms By accessing or using the ONTOPCO website, you agree to be bound by these Terms and Conditions. If you do not agree to these terms, please do not use the website. 2. Modifications to Terms ONTOPCO reserves the right to modify these Terms [&hellip;]<\/p>","protected":false},"author":0,"featured_media":0,"parent":0,"menu_order":0,"comment_status":"closed","ping_status":"publish","template":"","meta":{"two_page_speed":[],"footnotes":""},"class_list":["post-179","page","type-page","status-publish","hentry"],"_links":{"self":[{"href":"https:\/\/ontopco.com\/de\/wp-json\/wp\/v2\/pages\/179","targetHints":{"allow":["GET"]}}],"collection":[{"href":"https:\/\/ontopco.com\/de\/wp-json\/wp\/v2\/pages"}],"about":[{"href":"https:\/\/ontopco.com\/de\/wp-json\/wp\/v2\/types\/page"}],"replies":[{"embeddable":true,"href":"https:\/\/ontopco.com\/de\/wp-json\/wp\/v2\/comments?post=179"}],"version-history":[{"count":0,"href":"https:\/\/ontopco.com\/de\/wp-json\/wp\/v2\/pages\/179\/revisions"}],"wp:attachment":[{"href":"https:\/\/ontopco.com\/de\/wp-json\/wp\/v2\/media?parent=179"}],"curies":[{"name":"wp","href":"https:\/\/api.w.org\/{rel}","templated":true}]}}