{"id":180,"date":"2025-09-16T10:34:30","date_gmt":"2025-09-16T10:34:30","guid":{"rendered":"https:\/\/ontopco.com\/privacy-policy\/"},"modified":"2025-11-23T18:50:05","modified_gmt":"2025-11-23T18:50:05","slug":"privacy-policy","status":"publish","type":"page","link":"https:\/\/ontopco.com\/de\/privacy-policy\/","title":{"rendered":"Datenschutzrichtlinie"},"content":{"rendered":"<div data-elementor-type=\"wp-page\" data-elementor-id=\"180\" class=\"elementor elementor-180\">\n\t\t\t\t<div class=\"elementor-element elementor-element-8ucxm5hu twbb_section e-flex e-con-boxed e-con e-parent\" data-id=\"8ucxm5hu\" data-element_type=\"container\">\n\t\t\t\t\t<div class=\"e-con-inner\">\n\t\t\t\t<div class=\"elementor-element elementor-element-9npt378z elementor-widget__width-initial elementor-widget-mobile__width-inherit elementor-widget-tablet__width-initial elementor-invisible elementor-widget elementor-widget-heading\" data-id=\"9npt378z\" data-element_type=\"widget\" data-settings=\"{&quot;_animation&quot;:&quot;fadeInUp&quot;}\" data-widget_type=\"heading.default\">\n\t\t\t\t\t<h1 class=\"elementor-heading-title elementor-size-default\">Datenschutzrichtlinie<\/h1>\t\t\t\t<\/div>\n\t\t\t\t\t<\/div>\n\t\t\t\t<\/div>\n\t\t<div class=\"elementor-element elementor-element-zddvrle1 twbb_section e-flex e-con-boxed e-con e-parent\" data-id=\"zddvrle1\" data-element_type=\"container\">\n\t\t\t\t\t<div class=\"e-con-inner\">\n\t\t\t\t<div class=\"elementor-element elementor-element-18f8a1ol elementor-widget__width-initial elementor-widget-mobile__width-inherit elementor-widget-tablet__width-initial elementor-invisible elementor-widget elementor-widget-text-editor\" data-id=\"18f8a1ol\" data-element_type=\"widget\" data-settings=\"{&quot;_animation&quot;:&quot;fadeInUp&quot;}\" data-widget_type=\"text-editor.default\">\n\t\t\t\t\t\t\t\t\t<p data-start=\"333\" data-end=\"363\"><strong data-start=\"333\" data-end=\"363\">Datenschutzerkl\u00e4rung f\u00fcr ONTOPCO<\/strong><\/p><p data-start=\"333\" data-end=\"363\"><strong data-start=\"365\" data-end=\"384\">1. Einleitung<\/strong><br data-start=\"384\" data-end=\"387\" \/>ONTOPCO (nachfolgend \u201ewir\u201c, \u201euns\u201c oder \u201eunser\u201c) verpflichtet sich, Ihre pers\u00f6nlichen Daten zu sch\u00fctzen und Ihre Privatsph\u00e4re zu wahren, w\u00e4hrend Sie unsere Website besuchen oder Transaktionen mit uns durchf\u00fchren. <a class=\"decorated-link\" href=\"https:\/\/ontopco.com\/de\/?utm_source=chatgpt.com\" target=\"_new\" rel=\"noopener\" data-start=\"548\" data-end=\"567\">https:\/\/ontopco.com<\/a> (\u201eWebsite\u201c). Diese Datenschutzerkl\u00e4rung (\u201eRichtlinie\u201c) erl\u00e4utert, wie wir Ihre personenbezogenen Daten gem\u00e4\u00df der Europ\u00e4ischen Datenschutz-Grundverordnung (DSGVO) und anderen geltenden Gesetzen erfassen, verwenden, speichern und verarbeiten.<\/p><p data-start=\"781\" data-end=\"1032\"><strong data-start=\"781\" data-end=\"803\">2. Datenverantwortlicher<\/strong><br data-start=\"803\" data-end=\"806\" \/>ONTOPCO, Lettland (EU) ist der Datenverantwortliche f\u00fcr die \u00fcber diese Website verarbeiteten personenbezogenen Daten. Wenn Sie Fragen zu dieser Richtlinie haben oder Ihre Betroffenenrechte aus\u00fcben m\u00f6chten, kontaktieren Sie uns bitte: <a class=\"decorated-link cursor-pointer\" rel=\"noopener\" data-start=\"1012\" data-end=\"1031\">info@ontopco.com<\/a>.<\/p><p data-start=\"1034\" data-end=\"1656\"><strong data-start=\"1034\" data-end=\"1070\">3. Welche personenbezogenen Daten wir erheben<\/strong><br data-start=\"1070\" data-end=\"1073\" \/>Wir erheben folgende Kategorien personenbezogener Daten, wenn Sie unsere Website nutzen oder eine Bestellung aufgeben:<br data-start=\"1169\" data-end=\"1172\" \/>\u2013 Identit\u00e4tsdaten: Name, Geburtsdatum (optional)<br data-start=\"1219\" data-end=\"1222\" \/>\u2013 Kontaktdaten: E-Mail-Adresse, Telefonnummer, Liefer- und Rechnungsadresse<br data-start=\"1299\" data-end=\"1302\" \/>\u2013 Zahlungsdaten: Kredit-\/Debitkarteninformationen (verarbeitet von unserem Zahlungsanbieter).<br data-start=\"1383\" data-end=\"1386\" \/>\u2013 Bestellinformationen: Bestellnummer, bestellte Produkte, Kaufdatum<br data-start=\"1452\" data-end=\"1455\" \/>\u2013 Technische und Browsing-Daten: IP-Adresse, Browsertyp, Betriebssystem, besuchte Seiten, Datum und Uhrzeit des Besuchs<br data-start=\"1567\" data-end=\"1570\" \/>\u2013 Marketing- und Kommunikationsdaten: Ihre Pr\u00e4ferenzen bez\u00fcglich des Erhalts von Marketingmitteilungen von uns<\/p><p data-start=\"1658\" data-end=\"2112\"><strong data-start=\"1658\" data-end=\"1694\">4. Wie wir Ihre personenbezogenen Daten verwenden<\/strong><br data-start=\"1694\" data-end=\"1697\" \/>We use your personal data for the following purposes:<br data-start=\"1750\" data-end=\"1753\" \/>\u2013 Zur Bearbeitung und Erf\u00fcllung Ihrer Bestellungen, einschlie\u00dflich Versand und R\u00fccksendungen<br data-start=\"1820\" data-end=\"1823\" \/>\u2013 Zur Verwaltung Ihres Kontos und zur Bereitstellung von Kundendienst<br data-start=\"1876\" data-end=\"1879\" \/>\u2013 Zur Personalisierung Ihres Einkaufserlebnisses und zur Verbesserung unserer Website<br data-start=\"1944\" data-end=\"1947\" \/>\u2013 Um Werbemitteilungen zu senden, sofern Sie dem zugestimmt haben<br data-start=\"2004\" data-end=\"2007\" \/>\u2013 Zur Erf\u00fcllung gesetzlicher Verpflichtungen (z. B. Steuer-, Betrugspr\u00e4vention)<br data-start=\"2065\" data-end=\"2068\" \/>\u2013 Zur Analyse von Daten zur Gesch\u00e4ftsverbesserung<\/p><p data-start=\"2114\" data-end=\"2280\">Unsere Rechtsgrundlagen f\u00fcr die Verarbeitung Ihrer personenbezogenen Daten sind: Vertragserf\u00fcllung, berechtigtes Interesse, Einhaltung gesetzlicher Verpflichtungen und (falls erforderlich) Ihre Einwilligung.<\/p><p data-start=\"2282\" data-end=\"2698\"><strong data-start=\"2282\" data-end=\"2315\">5. Weitergabe Ihrer personenbezogenen Daten<\/strong><br data-start=\"2315\" data-end=\"2318\" \/>Wir verkaufen, vermieten oder tauschen Ihre personenbezogenen Daten nicht an Dritte. Wir k\u00f6nnen Ihre Daten mit den folgenden Empf\u00e4ngerkategorien teilen:<br data-start=\"2452\" data-end=\"2455\" \/>\u2013 Zahlungsabwickler und Banken zur Abwicklung von Bestellzahlungen<br data-start=\"2503\" data-end=\"2506\" \/>\u2013 Versanddienstleister und Logistikpartner f\u00fcr die Lieferung der Bestellung<br data-start=\"2567\" data-end=\"2570\" \/>\u2013 IT-Dienstleister, die unsere Website hosten oder warten sowie Analysedienste bereitstellen<br data-start=\"2641\" data-end=\"2644\" \/>\u2013 Rechts- und Compliance-Berater, wenn dies gesetzlich erforderlich ist<\/p><p data-start=\"2700\" data-end=\"2810\">Wir stellen sicher, dass alle externen Dienstleister an Vertraulichkeits- und Datenschutzverpflichtungen gebunden sind.<\/p><p data-start=\"2812\" data-end=\"3079\"><strong data-start=\"2812\" data-end=\"2842\">6. Internationale Daten\u00fcbermittlungen<\/strong><br data-start=\"2842\" data-end=\"2845\" \/>Ihre personenbezogenen Daten k\u00f6nnen gegebenenfalls au\u00dferhalb des Europ\u00e4ischen Wirtschaftsraums (EWR) \u00fcbertragen werden. In solchen F\u00e4llen implementieren wir geeignete Schutzma\u00dfnahmen, wie z. B. die von der Europ\u00e4ischen Kommission genehmigten Standardvertragsklauseln.<\/p><p data-start=\"3081\" data-end=\"3429\"><strong data-start=\"3081\" data-end=\"3121\">7. Cookies und Tracking-Technologien<\/strong><br data-start=\"3121\" data-end=\"3124\" \/>Wir verwenden Cookies und \u00e4hnliche Tracking-Technologien auf unserer Website, um:<br data-start=\"3191\" data-end=\"3194\" \/>\u2013 grundlegende Website-Funktionen zu erm\u00f6glichen<br data-start=\"3227\" data-end=\"3230\" \/>\u2013 das Besucherverhalten und Analysen nachzuverfolgen<br data-start=\"3269\" data-end=\"3272\" \/>\u2013 Inhalte und Angebote zu personalisieren<br data-start=\"3304\" data-end=\"3307\" \/>Sie k\u00f6nnen Cookies verwalten oder deaktivieren, indem Sie Ihre Browsereinstellungen \u00e4ndern. Bitte beachten Sie, dass dies Ihr Surferlebnis beeintr\u00e4chtigen kann.<\/p><p data-start=\"3431\" data-end=\"3691\"><strong data-start=\"3431\" data-end=\"3464\">8. Aufbewahrung personenbezogener Daten<\/strong><br data-start=\"3464\" data-end=\"3467\" \/>Wir bewahren Ihre personenbezogenen Daten nur so lange auf, wie es zur Erf\u00fcllung der in dieser Richtlinie beschriebenen Zwecke erforderlich ist. Danach werden wir Ihre Daten l\u00f6schen oder anonymisieren, es sei denn, eine l\u00e4ngere Aufbewahrung ist gesetzlich vorgeschrieben (z. B. aus steuerlichen oder buchhalterischen Gr\u00fcnden).<\/p><p data-start=\"3693\" data-end=\"4058\"><strong data-start=\"3693\" data-end=\"3719\">9. Rechte der betroffenen Person<\/strong><br data-start=\"3719\" data-end=\"3722\" \/>Unter der DSGVO haben Sie folgende Rechte:<br data-start=\"3767\" data-end=\"3770\" \/>\u2013 Recht auf Zugang zu Ihren personenbezogenen Daten<br data-start=\"3806\" data-end=\"3809\" \/>\u2013 Recht auf Berichtigung ungenauer oder unvollst\u00e4ndiger Daten<br data-start=\"3857\" data-end=\"3860\" \/>\u2013 Recht auf L\u00f6schung (Recht auf Vergessenwerden)<br data-start=\"3902\" data-end=\"3905\" \/>\u2013 Recht, die Verarbeitung einzuschr\u00e4nken oder ihr zu widersprechen<br data-start=\"3948\" data-end=\"3951\" \/>\u2013 Recht auf Daten\u00fcbertragbarkeit<br data-start=\"3978\" data-end=\"3981\" \/>\u2013 Recht, die Einwilligung jederzeit zu widerrufen (wenn die Verarbeitung auf Einwilligung beruht).<\/p><p data-start=\"4060\" data-end=\"4207\">Um eines dieser Rechte auszu\u00fcben, kontaktieren Sie uns bitte unter: <a class=\"decorated-link cursor-pointer\" rel=\"noopener\" data-start=\"4114\" data-end=\"4133\">support@ontopco.com<\/a>\u041c\u044b \u043e\u0442\u0432\u0435\u0442\u0438\u043c \u0432 \u0442\u0435\u0447\u0435\u043d\u0438\u0435 \u043e\u0434\u043d\u043e\u0433\u043e \u043c\u0435\u0441\u044f\u0446\u0430, \u0435\u0441\u043b\u0438 \u0442\u043e\u043b\u044c\u043a\u043e \u043d\u0435 \u0431\u0443\u0434\u0435\u0442 \u043e\u0431\u043e\u0441\u043d\u043e\u0432\u0430\u043d\u0430 \u043d\u0435\u043e\u0431\u0445\u043e\u0434\u0438\u043c\u043e\u0441\u0442\u044c \u043f\u0440\u043e\u0434\u043b\u0435\u043d\u0438\u044f \u044d\u0442\u043e\u0433\u043e \u0441\u0440\u043e\u043a\u0430.<\/p><p data-start=\"4209\" data-end=\"4490\"><strong data-start=\"4209\" data-end=\"4225\">10. Sicherheit<\/strong><br data-start=\"4225\" data-end=\"4228\" \/>Wir implementieren geeignete technische und organisatorische Ma\u00dfnahmen, um Ihre personenbezogenen Daten vor unbefugter oder rechtswidriger Verarbeitung sowie vor zuf\u00e4lligem Verlust, Zerst\u00f6rung oder Besch\u00e4digung zu sch\u00fctzen. Allerdings ist keine Methode der Daten\u00fcbertragung \u00fcber das Internet zu 100 % sicher.<\/p><p data-start=\"4492\" data-end=\"4762\"><strong data-start=\"4492\" data-end=\"4518\">11. Datenschutz f\u00fcr Kinder<\/strong><br data-start=\"4518\" data-end=\"4521\" \/>Unsere Produkte und Dienstleistungen richten sich an Personen ab 18 Jahren. Wir sammeln wissentlich keine personenbezogenen Daten von Kindern unter 18 Jahren. Wenn Sie von einer solchen Datenerhebung erfahren, kontaktieren Sie uns bitte und wir werden die Informationen entfernen.<\/p><p data-start=\"4764\" data-end=\"5050\"><strong data-start=\"4764\" data-end=\"4794\">12. \u00c4nderungen dieser Richtlinie<\/strong><br data-start=\"4794\" data-end=\"4797\" \/>Wir k\u00f6nnen diese Richtlinie von Zeit zu Zeit aktualisieren. Bei \u00c4nderungen werden wir die aktualisierte Version auf der Website ver\u00f6ffentlichen und das Datum der \u201eZuletzt aktualisiert\u201c-Angabe am unteren Rand dieser Seite anpassen. Durch die fortgesetzte Nutzung der Website nach solchen \u00c4nderungen akzeptieren Sie die \u00fcberarbeitete Richtlinie.<\/p><p data-start=\"5052\" data-end=\"5076\"><strong data-start=\"5052\" data-end=\"5076\">Zuletzt aktualisiert: [23.11.2025.]<\/strong><\/p>\t\t\t\t\t\t\t\t<\/div>\n\t\t\t\t\t<\/div>\n\t\t\t\t<\/div>\n\t\t\t\t<\/div>","protected":false},"excerpt":{"rendered":"<p>Privacy Policy Privacy Policy for ONTOPCO 1. IntroductionONTOPCO (hereinafter \u201cwe\u201d, \u201cour\u201d, \u201cus\u201d) is committed to protecting your personal data and ensuring your privacy when you visit or place an order via our website https:\/\/ontopco.com (\u201cWebsite\u201d). This privacy policy (\u201cPolicy\u201d) explains how we collect, use, store and process your personal data in accordance with the European [&hellip;]<\/p>","protected":false},"author":0,"featured_media":0,"parent":0,"menu_order":0,"comment_status":"closed","ping_status":"publish","template":"","meta":{"two_page_speed":[],"footnotes":""},"class_list":["post-180","page","type-page","status-publish","hentry"],"_links":{"self":[{"href":"https:\/\/ontopco.com\/de\/wp-json\/wp\/v2\/pages\/180","targetHints":{"allow":["GET"]}}],"collection":[{"href":"https:\/\/ontopco.com\/de\/wp-json\/wp\/v2\/pages"}],"about":[{"href":"https:\/\/ontopco.com\/de\/wp-json\/wp\/v2\/types\/page"}],"replies":[{"embeddable":true,"href":"https:\/\/ontopco.com\/de\/wp-json\/wp\/v2\/comments?post=180"}],"version-history":[{"count":0,"href":"https:\/\/ontopco.com\/de\/wp-json\/wp\/v2\/pages\/180\/revisions"}],"wp:attachment":[{"href":"https:\/\/ontopco.com\/de\/wp-json\/wp\/v2\/media?parent=180"}],"curies":[{"name":"wp","href":"https:\/\/api.w.org\/{rel}","templated":true}]}}