{"id":56,"date":"2025-09-16T10:34:06","date_gmt":"2025-09-16T10:34:06","guid":{"rendered":"https:\/\/ontopco.com\/?page_id=56"},"modified":"2025-11-25T17:28:31","modified_gmt":"2025-11-25T17:28:31","slug":"refund_returns","status":"publish","type":"page","link":"https:\/\/ontopco.com\/de\/refund_returns\/","title":{"rendered":"Refund and Returns Policy"},"content":{"rendered":"<div data-elementor-type=\"wp-page\" data-elementor-id=\"56\" class=\"elementor elementor-56\">\n\t\t\t\t<div class=\"elementor-element elementor-element-3e3f245c e-flex e-con-boxed e-con e-parent\" data-id=\"3e3f245c\" data-element_type=\"container\">\n\t\t\t\t\t<div class=\"e-con-inner\">\n\t\t\t\t<div class=\"elementor-element elementor-element-34b6aab1 elementor-widget elementor-widget-text-editor\" data-id=\"34b6aab1\" data-element_type=\"widget\" data-widget_type=\"text-editor.default\">\n\t\t\t\t\t\t\t\t\t<h2 data-start=\"332\" data-end=\"372\"><strong data-start=\"332\" data-end=\"372\">R\u00fcckgabe- und Erstattungsrichtlinie f\u00fcr ONTOPCO<\/strong><\/h2><p data-start=\"374\" data-end=\"573\">Wir m\u00f6chten, dass Sie mit Ihrem Einkauf zufrieden sind. Sollten Sie aus irgendeinem Grund nicht vollst\u00e4ndig zufrieden sein, bieten wir Ihnen eine einfache und transparente R\u00fcckgaberichtlinie in \u00dcbereinstimmung mit den EU-Verbraucherschutzbestimmungen an.<\/p><hr data-start=\"575\" data-end=\"578\" \/><h4 data-start=\"580\" data-end=\"601\">1. R\u00fcckgabefrist<\/h4><p data-start=\"602\" data-end=\"670\">Sie k\u00f6nnen eine R\u00fcckgabe innerhalb von 14 Tagen nach Erhalt Ihrer Bestellung beantragen.<\/p><hr data-start=\"672\" data-end=\"675\" \/><h4 data-start=\"677\" data-end=\"706\">2. Bedingungen f\u00fcr die R\u00fcckgabe<\/h4><p data-start=\"707\" data-end=\"855\">Damit ein Artikel f\u00fcr eine R\u00fcckgabe berechtigt ist, muss er:<br data-start=\"750\" data-end=\"753\" \/>\u2013 unbenutzt<br data-start=\"761\" data-end=\"764\" \/>\u2013 ungetragen<br data-start=\"772\" data-end=\"775\" \/>\u2013 ungewaschen<br data-start=\"785\" data-end=\"788\" \/>\u2013 im Originalzustand<br data-start=\"811\" data-end=\"814\" \/>\u2013 mit Verpackung und Etiketten (falls zutreffend)<\/p><p data-start=\"857\" data-end=\"952\">Aus hygienischen Gr\u00fcnden k\u00f6nnen wir keine R\u00fcckgaben von getragenen Kopfbedeckungen oder Artikeln akzeptieren, die Gebrauchsspuren aufweisen.<\/p><hr data-start=\"954\" data-end=\"957\" \/><h4 data-start=\"959\" data-end=\"988\">3. R\u00fccksendekosten<\/h4><p data-start=\"989\" data-end=\"1159\">Die R\u00fccksendekosten werden vom Kunden getragen, es sei denn, die R\u00fcckgabe erfolgt aufgrund von:<br data-start=\"1079\" data-end=\"1082\" \/>\u2013 eines Artikelmangels<br data-start=\"1095\" data-end=\"1098\" \/>\u2013 eines falsch gelieferten Artikels<br data-start=\"1123\" data-end=\"1126\" \/>\u2013 eines Schadens, der vor der Lieferung entstanden ist<\/p><hr data-start=\"1161\" data-end=\"1164\" \/><h4 data-start=\"1166\" data-end=\"1181\">4. R\u00fcckerstattungen<\/h4><p data-start=\"1182\" data-end=\"1310\">Die R\u00fcckerstattung erfolgt auf die urspr\u00fcngliche Zahlungsmethode innerhalb von 7 Werktagen, nachdem wir den zur\u00fcckgesendeten Artikel erhalten und gepr\u00fcft haben.<\/p><hr data-start=\"1312\" data-end=\"1315\" \/><h4 data-start=\"1317\" data-end=\"1334\">5. Umtausch<\/h4><p data-start=\"1335\" data-end=\"1473\">Wenn Sie denselben Artikel in einer anderen Farbe oder Ausf\u00fchrung w\u00fcnschen (je nach Verf\u00fcgbarkeit), kontaktieren Sie uns bitte \u2013 wir helfen Ihnen gern beim Umtausch, soweit dies m\u00f6glich ist.<\/p><hr data-start=\"1475\" data-end=\"1478\" \/><h4 data-start=\"1480\" data-end=\"1507\">6. Stornierung von Bestellungen<\/h4><p data-start=\"1508\" data-end=\"1622\">Bestellungen k\u00f6nnen vor dem Versand storniert werden. Nachdem eine Bestellung versendet wurde, gilt der Standard-R\u00fcckgabeprozess.<\/p><hr data-start=\"1624\" data-end=\"1627\" \/><h4 data-start=\"1629\" data-end=\"1660\">7. Fehlhafte oder besch\u00e4digte Artikel<\/h4><p data-start=\"1661\" data-end=\"1840\">F\u00fcr den seltenen Fall, dass Ihr Artikel besch\u00e4digt, fehlerhaft oder falsch geliefert ankommt, kontaktieren Sie uns bitte innerhalb von 48 Stunden nach Erhalt und senden Sie Fotos mit \u2014 wir werden das Problem umgehend l\u00f6sen.<\/p><hr data-start=\"1842\" data-end=\"1845\" \/><h4 data-start=\"1847\" data-end=\"1871\">8. R\u00fccksendeverfahren<\/h4><p data-start=\"1872\" data-end=\"2046\">Um eine R\u00fccksendung zu veranlassen oder Unterst\u00fctzung anzufordern, senden Sie bitte eine E-Mail an:<br data-start=\"1929\" data-end=\"1932\" \/><strong data-start=\"1932\" data-end=\"1955\"><a class=\"decorated-link cursor-pointer\" rel=\"noopener\" data-start=\"1934\" data-end=\"1953\">info@ontopco.com<\/a><\/strong><br data-start=\"1955\" data-end=\"1958\" \/>Bitte geben Sie Folgendes an:<br data-start=\"1966\" data-end=\"1969\" \/>\u2013 Bestellnummer<br data-start=\"1983\" data-end=\"1986\" \/>\u2013 Kundenname<br data-start=\"2001\" data-end=\"2004\" \/>\u2013 zur\u00fcckzusendender Artikel \/ zur\u00fcckzusendende Artikel<br data-start=\"2024\" data-end=\"2027\" \/>\u2013 Grund f\u00fcr die R\u00fcckgabe<\/p><p data-start=\"2048\" data-end=\"2089\">Wir werden innerhalb von 1\u20132 Werktagen antworten.<\/p><hr data-start=\"2091\" data-end=\"2094\" \/><h4 data-start=\"2096\" data-end=\"2129\">9. Standort &amp; Verantwortlichkeit<\/h4><p data-start=\"2130\" data-end=\"2263\">Alle Bestellungen werden in Lettland (EU) bearbeitet und versendet.<br data-start=\"2184\" data-end=\"2187\" \/>R\u00fccksendungen m\u00fcssen an die von ONTOPCO auf Anfrage bereitgestellte R\u00fccksendeadresse gesendet werden.<\/p><hr data-start=\"2265\" data-end=\"2268\" \/><h4 data-start=\"2270\" data-end=\"2310\">10. Kundenrechte (DSGVO &amp; EU-Recht)<\/h4><p data-start=\"2311\" data-end=\"2472\">Sie haben das Recht:<br data-start=\"2333\" data-end=\"2336\" \/>\u2013 die mit Ihrer Bestellung verbundenen Daten anzufordern<br data-start=\"2372\" data-end=\"2375\" \/>\u2013 die Berichtigung oder L\u00f6schung personenbezogener Daten zu verlangen<br data-start=\"2424\" data-end=\"2427\" \/>\u2013 eine Kopie Ihres Transaktionsdatensatzes anzufordern<\/p><hr data-start=\"2474\" data-end=\"2477\" \/><p data-start=\"2479\" data-end=\"2523\"><strong data-start=\"2479\" data-end=\"2496\">Zuletzt aktualisiert:<\/strong> 23.11.2025.<\/p>\t\t\t\t\t\t\t\t<\/div>\n\t\t\t\t\t<\/div>\n\t\t\t\t<\/div>\n\t\t\t\t<\/div>","protected":false},"excerpt":{"rendered":"<p>Returns &amp; Refunds Policy for ONTOPCO We want you to be satisfied with your purchase. If for any reason you are not completely happy, we offer a simple and transparent return policy, in accordance with EU consumer protection regulations. 1. Return Period You may request a return within 14 days of receiving your order. 2. [&hellip;]<\/p>","protected":false},"author":1,"featured_media":0,"parent":0,"menu_order":0,"comment_status":"closed","ping_status":"closed","template":"","meta":{"two_page_speed":[],"footnotes":""},"class_list":["post-56","page","type-page","status-publish","hentry"],"_links":{"self":[{"href":"https:\/\/ontopco.com\/de\/wp-json\/wp\/v2\/pages\/56","targetHints":{"allow":["GET"]}}],"collection":[{"href":"https:\/\/ontopco.com\/de\/wp-json\/wp\/v2\/pages"}],"about":[{"href":"https:\/\/ontopco.com\/de\/wp-json\/wp\/v2\/types\/page"}],"author":[{"embeddable":true,"href":"https:\/\/ontopco.com\/de\/wp-json\/wp\/v2\/users\/1"}],"replies":[{"embeddable":true,"href":"https:\/\/ontopco.com\/de\/wp-json\/wp\/v2\/comments?post=56"}],"version-history":[{"count":0,"href":"https:\/\/ontopco.com\/de\/wp-json\/wp\/v2\/pages\/56\/revisions"}],"wp:attachment":[{"href":"https:\/\/ontopco.com\/de\/wp-json\/wp\/v2\/media?parent=56"}],"curies":[{"name":"wp","href":"https:\/\/api.w.org\/{rel}","templated":true}]}}