{"id":179,"date":"2025-09-16T10:34:30","date_gmt":"2025-09-16T10:34:30","guid":{"rendered":"https:\/\/ontopco.com\/terms-and-conditions\/"},"modified":"2025-11-23T19:09:53","modified_gmt":"2025-11-23T19:09:53","slug":"terms-and-conditions","status":"publish","type":"page","link":"https:\/\/ontopco.com\/fr\/terms-and-conditions\/","title":{"rendered":"Termes et conditions"},"content":{"rendered":"<div data-elementor-type=\"wp-page\" data-elementor-id=\"179\" class=\"elementor elementor-179\">\n\t\t\t\t<div class=\"elementor-element elementor-element-b7ydx1jg twbb_section e-flex e-con-boxed e-con e-parent\" data-id=\"b7ydx1jg\" data-element_type=\"container\">\n\t\t\t\t\t<div class=\"e-con-inner\">\n\t\t\t\t<div class=\"elementor-element elementor-element-e4o6m2lk elementor-widget__width-initial elementor-widget-mobile__width-inherit elementor-widget-tablet__width-initial elementor-invisible elementor-widget elementor-widget-heading\" data-id=\"e4o6m2lk\" data-element_type=\"widget\" data-settings=\"{&quot;_animation&quot;:&quot;fadeInUp&quot;}\" data-widget_type=\"heading.default\">\n\t\t\t\t\t<h1 class=\"elementor-heading-title elementor-size-default\">Termes et conditions<\/h1>\t\t\t\t<\/div>\n\t\t\t\t\t<\/div>\n\t\t\t\t<\/div>\n\t\t<div class=\"elementor-element elementor-element-yfuzhuxx twbb_section e-flex e-con-boxed e-con e-parent\" data-id=\"yfuzhuxx\" data-element_type=\"container\">\n\t\t\t\t\t<div class=\"e-con-inner\">\n\t\t\t\t<div class=\"elementor-element elementor-element-0sd98krk elementor-widget__width-initial elementor-widget-mobile__width-inherit elementor-widget-tablet__width-initial elementor-invisible elementor-widget elementor-widget-text-editor\" data-id=\"0sd98krk\" data-element_type=\"widget\" data-settings=\"{&quot;_animation&quot;:&quot;fadeInUp&quot;}\" data-widget_type=\"text-editor.default\">\n\t\t\t\t\t\t\t\t\t<p><b>Termes et conditions<\/b><\/p><p><b>1. Acceptation des conditions<\/b><\/p><p>En acc\u00e9dant au site web d\u2019ONTOPCO ou en l\u2019utilisant, vous acceptez de respecter les pr\u00e9sentes Conditions g\u00e9n\u00e9rales. Si vous n\u2019acceptez pas ces conditions, nous vous prions de ne pas utiliser le site.<\/p><p><b>2. Modifications des conditions<\/b><\/p><p>ONTOPCO se r\u00e9serve le droit de modifier les pr\u00e9sentes Conditions g\u00e9n\u00e9rales \u00e0 tout moment. Les conditions mises \u00e0 jour seront publi\u00e9es sur cette page, et votre utilisation continue du site apr\u00e8s ces modifications constitue votre acceptation des conditions r\u00e9vis\u00e9es.<\/p><p><b>3. Propri\u00e9t\u00e9 intellectuelle<\/b><\/p><p>L\u2019ensemble du contenu du site ONTOPCO, y compris mais sans s\u2019y limiter le texte, les graphiques, les logos et les images, est la propri\u00e9t\u00e9 d\u2019ONTOPCO ou de ses conc\u00e9dants de licence. Vous ne pouvez pas reproduire, distribuer ou utiliser ce contenu sans autorisation \u00e9crite expresse.<\/p><p><b>4. Comportement de l\u2019utilisateur<\/b><\/p><p>Vous vous engagez \u00e0 utiliser le site ONTOPCO d\u2019une mani\u00e8re conforme aux lois et r\u00e9glementations applicables. Il vous est interdit de participer \u00e0 toute activit\u00e9 susceptible de nuire ou de perturber le site ou ses utilisateurs.<\/p><p><b>5. Limitation de responsabilit\u00e9<\/b><\/p><p>ONTOPCO ne saurait \u00eatre tenu responsable de tout dommage r\u00e9sultant de votre utilisation du site, y compris, mais sans s\u2019y limiter, les dommages directs, indirects, accidentels, cons\u00e9cutifs ou punitifs.<\/p><p><b>6. Droit applicable<\/b><\/p><p>Les pr\u00e9sentes Conditions g\u00e9n\u00e9rales sont r\u00e9gies et interpr\u00e9t\u00e9es conform\u00e9ment aux lois de la Lettonie.<\/p><p><b>Contactez-nous<\/b><\/p><p>Pour toute question ou remarque concernant ces Conditions g\u00e9n\u00e9rales, veuillez nous contacter \u00e0 l\u2019adresse : info@ontopco.com<\/p>\t\t\t\t\t\t\t\t<\/div>\n\t\t\t\t\t<\/div>\n\t\t\t\t<\/div>\n\t\t\t\t<\/div>","protected":false},"excerpt":{"rendered":"<p>Terms and Conditions Terms and Conditions for ONTOPCO 1. Acceptance of Terms By accessing or using the ONTOPCO website, you agree to be bound by these Terms and Conditions. If you do not agree to these terms, please do not use the website. 2. Modifications to Terms ONTOPCO reserves the right to modify these Terms [&hellip;]<\/p>","protected":false},"author":0,"featured_media":0,"parent":0,"menu_order":0,"comment_status":"closed","ping_status":"publish","template":"","meta":{"two_page_speed":[],"footnotes":""},"class_list":["post-179","page","type-page","status-publish","hentry"],"_links":{"self":[{"href":"https:\/\/ontopco.com\/fr\/wp-json\/wp\/v2\/pages\/179","targetHints":{"allow":["GET"]}}],"collection":[{"href":"https:\/\/ontopco.com\/fr\/wp-json\/wp\/v2\/pages"}],"about":[{"href":"https:\/\/ontopco.com\/fr\/wp-json\/wp\/v2\/types\/page"}],"replies":[{"embeddable":true,"href":"https:\/\/ontopco.com\/fr\/wp-json\/wp\/v2\/comments?post=179"}],"version-history":[{"count":0,"href":"https:\/\/ontopco.com\/fr\/wp-json\/wp\/v2\/pages\/179\/revisions"}],"wp:attachment":[{"href":"https:\/\/ontopco.com\/fr\/wp-json\/wp\/v2\/media?parent=179"}],"curies":[{"name":"wp","href":"https:\/\/api.w.org\/{rel}","templated":true}]}}