{"id":56,"date":"2025-09-16T10:34:06","date_gmt":"2025-09-16T10:34:06","guid":{"rendered":"https:\/\/ontopco.com\/?page_id=56"},"modified":"2025-11-25T17:28:31","modified_gmt":"2025-11-25T17:28:31","slug":"refund_returns","status":"publish","type":"page","link":"https:\/\/ontopco.com\/fr\/refund_returns\/","title":{"rendered":"Refund and Returns Policy"},"content":{"rendered":"<div data-elementor-type=\"wp-page\" data-elementor-id=\"56\" class=\"elementor elementor-56\">\n\t\t\t\t<div class=\"elementor-element elementor-element-3e3f245c e-flex e-con-boxed e-con e-parent\" data-id=\"3e3f245c\" data-element_type=\"container\">\n\t\t\t\t\t<div class=\"e-con-inner\">\n\t\t\t\t<div class=\"elementor-element elementor-element-34b6aab1 elementor-widget elementor-widget-text-editor\" data-id=\"34b6aab1\" data-element_type=\"widget\" data-widget_type=\"text-editor.default\">\n\t\t\t\t\t\t\t\t\t<h2 data-start=\"332\" data-end=\"372\"><strong data-start=\"332\" data-end=\"372\">Politique de retours et de remboursements pour ONTOPCO<\/strong><\/h2><p data-start=\"374\" data-end=\"573\">Nous souhaitons que vous soyez satisfait de votre achat. Si, pour une quelconque raison, vous n\u2019\u00eates pas enti\u00e8rement satisfait, nous proposons une politique de retour simple et transparente, conform\u00e9ment \u00e0 la r\u00e9glementation europ\u00e9enne sur la protection des consommateurs.<\/p><hr data-start=\"575\" data-end=\"578\" \/><h4 data-start=\"580\" data-end=\"601\">1. D\u00e9lai de retour<\/h4><p data-start=\"602\" data-end=\"670\">Vous pouvez demander un retour dans les 14 jours suivant la r\u00e9ception de votre commande.<\/p><hr data-start=\"672\" data-end=\"675\" \/><h4 data-start=\"677\" data-end=\"706\">2. Conditions de retour<\/h4><p data-start=\"707\" data-end=\"855\">Pour qu\u2019un article soit \u00e9ligible au retour, il doit \u00eatre :<br data-start=\"750\" data-end=\"753\" \/>\u2013 non utilis\u00e9<br data-start=\"761\" data-end=\"764\" \/>\u2013 non port\u00e9<br data-start=\"772\" data-end=\"775\" \/>\u2013 non lav\u00e9<br data-start=\"785\" data-end=\"788\" \/>\u2013 en \u00e9tat d\u2019origine<br data-start=\"811\" data-end=\"814\" \/>\u2013 avec l\u2019emballage et les \u00e9tiquettes (le cas \u00e9ch\u00e9ant)<\/p><p data-start=\"857\" data-end=\"952\">Pour des raisons d\u2019hygi\u00e8ne, nous ne pouvons pas accepter le retour de couvre-chefs port\u00e9s ou d\u2019articles pr\u00e9sentant des signes d\u2019utilisation.<\/p><hr data-start=\"954\" data-end=\"957\" \/><h4 data-start=\"959\" data-end=\"988\">3. Frais d\u2019exp\u00e9dition de retour<\/h4><p data-start=\"989\" data-end=\"1159\">Les frais de retour sont \u00e0 la charge du client, sauf si le retour est d\u00fb \u00e0 :<br data-start=\"1079\" data-end=\"1082\" \/>\u2013 un d\u00e9faut de l\u2019article<br data-start=\"1095\" data-end=\"1098\" \/>\u2013 r\u00e9ception d\u2019un article incorrect<br data-start=\"1123\" data-end=\"1126\" \/>\u2013 un dommage survenu avant la livraison<\/p><hr data-start=\"1161\" data-end=\"1164\" \/><h4 data-start=\"1166\" data-end=\"1181\">4. Remboursements<\/h4><p data-start=\"1182\" data-end=\"1310\">Le remboursement sera effectu\u00e9 selon le mode de paiement initial dans un d\u00e9lai de 7 jours ouvrables apr\u00e8s r\u00e9ception et inspection de l\u2019article retourn\u00e9.<\/p><hr data-start=\"1312\" data-end=\"1315\" \/><h4 data-start=\"1317\" data-end=\"1334\">5. \u00c9changes<\/h4><p data-start=\"1335\" data-end=\"1473\">Si vous souhaitez le m\u00eame article dans une autre couleur ou un autre design (sous r\u00e9serve de disponibilit\u00e9), veuillez nous contacter \u2014 nous faciliterons l\u2019\u00e9change avec plaisir dans la mesure du possible.<\/p><hr data-start=\"1475\" data-end=\"1478\" \/><h4 data-start=\"1480\" data-end=\"1507\">6. Annulation de commande<\/h4><p data-start=\"1508\" data-end=\"1622\">Les commandes peuvent \u00eatre annul\u00e9es avant l\u2019exp\u00e9dition. Apr\u00e8s l\u2019exp\u00e9dition, la proc\u00e9dure standard de retour s\u2019applique.<\/p><hr data-start=\"1624\" data-end=\"1627\" \/><h4 data-start=\"1629\" data-end=\"1660\">7. Articles d\u00e9fectueux ou endommag\u00e9s<\/h4><p data-start=\"1661\" data-end=\"1840\">Dans le cas rare o\u00f9 votre article arrive endommag\u00e9, d\u00e9fectueux ou incorrect, veuillez nous contacter dans les 48 heures suivant la livraison, avec des photos, et nous r\u00e9soudrons le probl\u00e8me imm\u00e9diatement.<\/p><hr data-start=\"1842\" data-end=\"1845\" \/><h4 data-start=\"1847\" data-end=\"1871\">8. Proc\u00e9dure de retour<\/h4><p data-start=\"1872\" data-end=\"2046\">Pour initier un retour ou demander de l\u2019assistance, veuillez envoyer un e-mail \u00e0 :<br data-start=\"1929\" data-end=\"1932\" \/><strong data-start=\"1932\" data-end=\"1955\"><a class=\"decorated-link cursor-pointer\" rel=\"noopener\" data-start=\"1934\" data-end=\"1953\">info@ontopco.com<\/a><\/strong><br data-start=\"1955\" data-end=\"1958\" \/>Veuillez inclure :<br data-start=\"1966\" data-end=\"1969\" \/>\u2013 num\u00e9ro de commande<br data-start=\"1983\" data-end=\"1986\" \/>\u2013 nom du client<br data-start=\"2001\" data-end=\"2004\" \/>\u2013 article(s) \u00e0 retourner<br data-start=\"2024\" data-end=\"2027\" \/>\u2013 raison du retour<\/p><p data-start=\"2048\" data-end=\"2089\">Nous r\u00e9pondrons dans un d\u00e9lai de 1\u20132 jours ouvrables.<\/p><hr data-start=\"2091\" data-end=\"2094\" \/><h4 data-start=\"2096\" data-end=\"2129\">9. Localisation et responsabilit\u00e9<\/h4><p data-start=\"2130\" data-end=\"2263\">Toutes les commandes sont trait\u00e9es et exp\u00e9di\u00e9es depuis la Lettonie (UE).<br data-start=\"2184\" data-end=\"2187\" \/>Les retours doivent \u00eatre envoy\u00e9s \u00e0 l\u2019adresse de retour fournie par ONTOPCO sur demande.<\/p><hr data-start=\"2265\" data-end=\"2268\" \/><h4 data-start=\"2270\" data-end=\"2310\">10. Droits du client (RGPD &amp; droit de l\u2019UE)<\/h4><p data-start=\"2311\" data-end=\"2472\">Vous avez le droit de :<br data-start=\"2333\" data-end=\"2336\" \/>\u2013 demander les donn\u00e9es li\u00e9es \u00e0 votre commande<br data-start=\"2372\" data-end=\"2375\" \/>\u2013 demander la correction ou la suppression de vos donn\u00e9es personnelles<br data-start=\"2424\" data-end=\"2427\" \/>\u2013 demander une copie de votre enregistrement de transaction<\/p><hr data-start=\"2474\" data-end=\"2477\" \/><p data-start=\"2479\" data-end=\"2523\"><strong data-start=\"2479\" data-end=\"2496\">Derni\u00e8re mise \u00e0 jour :<\/strong> 23.11.2025.<\/p>\t\t\t\t\t\t\t\t<\/div>\n\t\t\t\t\t<\/div>\n\t\t\t\t<\/div>\n\t\t\t\t<\/div>","protected":false},"excerpt":{"rendered":"<p>Returns &amp; Refunds Policy for ONTOPCO We want you to be satisfied with your purchase. If for any reason you are not completely happy, we offer a simple and transparent return policy, in accordance with EU consumer protection regulations. 1. Return Period You may request a return within 14 days of receiving your order. 2. [&hellip;]<\/p>","protected":false},"author":1,"featured_media":0,"parent":0,"menu_order":0,"comment_status":"closed","ping_status":"closed","template":"","meta":{"two_page_speed":[],"footnotes":""},"class_list":["post-56","page","type-page","status-publish","hentry"],"_links":{"self":[{"href":"https:\/\/ontopco.com\/fr\/wp-json\/wp\/v2\/pages\/56","targetHints":{"allow":["GET"]}}],"collection":[{"href":"https:\/\/ontopco.com\/fr\/wp-json\/wp\/v2\/pages"}],"about":[{"href":"https:\/\/ontopco.com\/fr\/wp-json\/wp\/v2\/types\/page"}],"author":[{"embeddable":true,"href":"https:\/\/ontopco.com\/fr\/wp-json\/wp\/v2\/users\/1"}],"replies":[{"embeddable":true,"href":"https:\/\/ontopco.com\/fr\/wp-json\/wp\/v2\/comments?post=56"}],"version-history":[{"count":0,"href":"https:\/\/ontopco.com\/fr\/wp-json\/wp\/v2\/pages\/56\/revisions"}],"wp:attachment":[{"href":"https:\/\/ontopco.com\/fr\/wp-json\/wp\/v2\/media?parent=56"}],"curies":[{"name":"wp","href":"https:\/\/api.w.org\/{rel}","templated":true}]}}