{"id":886,"date":"2025-11-23T16:42:10","date_gmt":"2025-11-23T16:42:10","guid":{"rendered":"https:\/\/ontopco.com\/?page_id=886"},"modified":"2025-11-25T16:23:38","modified_gmt":"2025-11-25T16:23:38","slug":"about-ontopco","status":"publish","type":"page","link":"https:\/\/ontopco.com\/fr\/about-ontopco\/","title":{"rendered":"\u00c0 propos d\u2019ONTOPCO"},"content":{"rendered":"<div data-elementor-type=\"wp-page\" data-elementor-id=\"886\" class=\"elementor elementor-886\">\n\t\t\t\t<div class=\"elementor-element elementor-element-h8vvj2k4 twbb_section twbb_title_54 e-flex e-con-boxed e-con e-parent\" data-id=\"h8vvj2k4\" data-element_type=\"container\" id=\"title\" data-settings=\"{&quot;background_background&quot;:&quot;classic&quot;,&quot;background_motion_fx_motion_fx_scrolling&quot;:&quot;yes&quot;,&quot;background_motion_fx_scale_effect&quot;:&quot;yes&quot;,&quot;background_motion_fx_scale_speed&quot;:{&quot;unit&quot;:&quot;px&quot;,&quot;size&quot;:7,&quot;sizes&quot;:[]},&quot;background_motion_fx_scale_direction&quot;:&quot;out-in&quot;,&quot;background_motion_fx_scale_range&quot;:{&quot;unit&quot;:&quot;%&quot;,&quot;size&quot;:&quot;&quot;,&quot;sizes&quot;:{&quot;start&quot;:20,&quot;end&quot;:80}},&quot;background_motion_fx_devices&quot;:[&quot;desktop&quot;,&quot;tablet&quot;,&quot;mobile&quot;]}\">\n\t\t\t\t\t<div class=\"e-con-inner\">\n\t\t\t\t<div class=\"elementor-element elementor-element-oen46n6h elementor-widget__width-initial elementor-widget-mobile__width-inherit elementor-widget-tablet__width-initial elementor-invisible elementor-widget elementor-widget-heading\" data-id=\"oen46n6h\" data-element_type=\"widget\" data-settings=\"{&quot;_animation&quot;:&quot;fadeInUp&quot;}\" data-widget_type=\"heading.default\">\n\t\t\t\t\t<h2 class=\"elementor-heading-title elementor-size-default\">Bienvenue chez ONTOPCO<\/h2>\t\t\t\t<\/div>\n\t\t\t\t<div class=\"elementor-element elementor-element-bxlh284l elementor-widget__width-initial elementor-widget-mobile__width-inherit elementor-widget-tablet__width-initial elementor-invisible elementor-widget elementor-widget-text-editor\" data-id=\"bxlh284l\" data-element_type=\"widget\" data-settings=\"{&quot;_animation&quot;:&quot;fadeInUp&quot;}\" data-widget_type=\"text-editor.default\">\n\t\t\t\t\t\t\t\t\t<p>D\u00e9couvrez les derni\u00e8res tendances et les classiques intemporels chez ONTOPCO, votre destination ultime pour des v\u00eatements de qualit\u00e9 et un style exceptionnel.<\/p>\t\t\t\t\t\t\t\t<\/div>\n\t\t\t\t\t<\/div>\n\t\t\t\t<\/div>\n\t\t<div class=\"elementor-element elementor-element-1ebb1c14 twbb_section e-con-full e-flex e-con e-parent\" data-id=\"1ebb1c14\" data-element_type=\"container\" id=\"about\">\n\t\t\t\t<div class=\"elementor-element elementor-element-6eb10442 elementor-widget__width-initial elementor-widget-mobile__width-inherit elementor-widget-tablet__width-initial elementor-invisible elementor-widget elementor-widget-heading\" data-id=\"6eb10442\" data-element_type=\"widget\" data-settings=\"{&quot;_animation&quot;:&quot;fadeInUp&quot;}\" data-widget_type=\"heading.default\">\n\t\t\t\t\t<h2 class=\"elementor-heading-title elementor-size-default\">\u00c0 propos d\u2019ONTOPCO<\/h2>\t\t\t\t<\/div>\n\t\t\t\t<div class=\"elementor-element elementor-element-48e41c66 elementor-widget__width-initial elementor-widget-mobile__width-inherit elementor-widget-tablet__width-initial elementor-widget elementor-widget-twbb_gallery\" data-id=\"48e41c66\" data-element_type=\"widget\" data-settings=\"{&quot;gallery_layout&quot;:&quot;masonry&quot;,&quot;gap&quot;:{&quot;unit&quot;:&quot;px&quot;,&quot;size&quot;:20,&quot;sizes&quot;:[]},&quot;hgap&quot;:{&quot;unit&quot;:&quot;px&quot;,&quot;size&quot;:20,&quot;sizes&quot;:[]},&quot;gap_mobile&quot;:{&quot;unit&quot;:&quot;px&quot;,&quot;size&quot;:20,&quot;sizes&quot;:[]},&quot;hgap_mobile&quot;:{&quot;unit&quot;:&quot;px&quot;,&quot;size&quot;:20,&quot;sizes&quot;:[]},&quot;columns&quot;:3,&quot;columns_mobile&quot;:2,&quot;image_hover_animation&quot;:&quot;grow&quot;,&quot;lazyload&quot;:&quot;yes&quot;,&quot;columns_tablet&quot;:2,&quot;gap_tablet&quot;:{&quot;unit&quot;:&quot;px&quot;,&quot;size&quot;:10,&quot;sizes&quot;:[]},&quot;hgap_tablet&quot;:{&quot;unit&quot;:&quot;px&quot;,&quot;size&quot;:10,&quot;sizes&quot;:[]}}\" data-widget_type=\"twbb_gallery.default\">\n\t\t\t\t<div class=\"elementor-widget-container\">\n\t\t\t\t\t\t\t<div class=\"elementor-gallery__container\">\n\t\t\t\t\t\t\t<div\n                class=\"e-gallery-item elementor-gallery-item twbb-flex-end-item elementor-animated-content\">\n        \n        <div class=\"twbb_item_image_section\">\n          <div class=\"e-gallery-image elementor-gallery-item__image\" data-thumbnail=\"https:\/\/ontopco.com\/wp-content\/uploads\/2025\/11\/New-Project-2025-11-22T131855.127.png\" data-width=\"1000\" data-height=\"1500\" alt=\"\" ><\/div>\n                  <\/div>\n               <\/div>\n      \t\t\t\t<div\n                class=\"e-gallery-item elementor-gallery-item twbb-flex-end-item elementor-animated-content\">\n        \n        <div class=\"twbb_item_image_section\">\n          <div class=\"e-gallery-image elementor-gallery-item__image\" data-thumbnail=\"https:\/\/ontopco.com\/wp-content\/uploads\/2025\/11\/ontopco-dark-navy-knit-beanie-gift-box.png\" data-width=\"1000\" data-height=\"1500\" alt=\"\" ><\/div>\n                  <\/div>\n               <\/div>\n      \t\t\t\t<div\n                class=\"e-gallery-item elementor-gallery-item twbb-flex-end-item elementor-animated-content\">\n        \n        <div class=\"twbb_item_image_section\">\n          <div class=\"e-gallery-image elementor-gallery-item__image\" data-thumbnail=\"https:\/\/ontopco.com\/wp-content\/uploads\/2025\/11\/dark-green-knitted-beanie-forest-aesthetic-orange-yarn.jpg\" data-width=\"1000\" data-height=\"1500\" alt=\"\" ><\/div>\n                  <\/div>\n               <\/div>\n      \t\t\t\t<div\n                class=\"e-gallery-item elementor-gallery-item twbb-flex-end-item elementor-animated-content\">\n        \n        <div class=\"twbb_item_image_section\">\n          <div class=\"e-gallery-image elementor-gallery-item__image\" data-thumbnail=\"https:\/\/ontopco.com\/wp-content\/uploads\/2025\/11\/pink-blue-taupe-pom-pom-beanies-soft-knitwear-winter-accessories-ontopco.jpg\" data-width=\"1000\" data-height=\"1500\" alt=\"\" ><\/div>\n                  <\/div>\n               <\/div>\n      \t\t\t\t<div\n                class=\"e-gallery-item elementor-gallery-item twbb-flex-end-item elementor-animated-content\">\n        \n        <div class=\"twbb_item_image_section\">\n          <div class=\"e-gallery-image elementor-gallery-item__image\" data-thumbnail=\"https:\/\/ontopco.com\/wp-content\/uploads\/2025\/11\/pink-striped-knitted-pom-pom-beanies-snow-winter-flatlay-ontopco.jpg\" data-width=\"1000\" data-height=\"1500\" alt=\"\" ><\/div>\n                  <\/div>\n               <\/div>\n      \t\t\t\t<div\n                class=\"e-gallery-item elementor-gallery-item twbb-flex-end-item elementor-animated-content\">\n        \n        <div class=\"twbb_item_image_section\">\n          <div class=\"e-gallery-image elementor-gallery-item__image\" data-thumbnail=\"https:\/\/ontopco.com\/wp-content\/uploads\/2025\/11\/New-Project-91.png\" data-width=\"1000\" data-height=\"1500\" alt=\"\" ><\/div>\n                  <\/div>\n               <\/div>\n            <\/div>\n\n      \t\t\t\t<\/div>\n\t\t\t\t<\/div>\n\t\t\t\t<div class=\"elementor-element elementor-element-44e64819 elementor-widget__width-initial elementor-widget-mobile__width-inherit elementor-widget-tablet__width-initial elementor-invisible elementor-widget elementor-widget-heading\" data-id=\"44e64819\" data-element_type=\"widget\" data-settings=\"{&quot;_animation&quot;:&quot;fadeInUp&quot;}\" data-widget_type=\"heading.default\">\n\t\t\t\t\t<h3 class=\"elementor-heading-title elementor-size-default\">Qui nous sommes<\/h3>\t\t\t\t<\/div>\n\t\t\t\t<div class=\"elementor-element elementor-element-28e8c3f5 elementor-widget__width-initial elementor-widget-mobile__width-inherit elementor-widget-tablet__width-initial elementor-invisible elementor-widget elementor-widget-text-editor\" data-id=\"28e8c3f5\" data-element_type=\"widget\" data-settings=\"{&quot;_animation&quot;:&quot;fadeInUp&quot;}\" data-widget_type=\"text-editor.default\">\n\t\t\t\t\t\t\t\t\t<p data-start=\"286\" data-end=\"602\"><strong data-start=\"286\" data-end=\"444\">ONTOPCO est une marque europ\u00e9enne de maille bas\u00e9e \u00e0 Riga, Lettonie (UE), d\u00e9di\u00e9e \u00e0 la cr\u00e9ation d\u2019accessoires confortables, \u00e9l\u00e9gants et soigneusement confectionn\u00e9s pour le quotidien.<\/strong>&nbsp;<\/p><p data-start=\"286\" data-end=\"602\">Nous croyons en une \u00e9l\u00e9gance discr\u00e8te, en la valeur des d\u00e9tails et en un design qui traverse le temps \u2014 chaque accessoire ONTOPCO est choisi avec soin, test\u00e9 pour sa qualit\u00e9 et cr\u00e9\u00e9 pour \u00eatre aussi beau qu\u2019utile.<\/p>\n<p data-start=\"604\" data-end=\"850\">Nous croyons que les accessoires d\u2019hiver doivent non seulement tenir chaud, mais aussi exprimer votre individualit\u00e9, votre assurance et votre humeur. Notre collection comprend des bonnets, des \u00e9charpes et des tricots saisonniers pour ceux qui appr\u00e9cient la qualit\u00e9, le confort et le style personnel.<\/p>\n<p data-start=\"852\" data-end=\"1063\">Fond\u00e9 en 2025 en Lettonie, ONTOPCO exp\u00e9die directement depuis notre site europ\u00e9en \u2014 nous n\u2019utilisons pas de fournisseurs dropshipping tiers. Toutes les commandes sont trait\u00e9es et pr\u00e9par\u00e9es par ONTOPCO afin de garantir la qualit\u00e9, l\u2019authenticit\u00e9 et le soin apport\u00e9 au client.<\/p>\n<p data-start=\"1065\" data-end=\"1147\">Pour toute question ou proposition de collaboration, contactez-nous \u00e0 l\u2019adresse suivante :<br data-start=\"1121\" data-end=\"1124\"><strong data-start=\"1124\" data-end=\"1147\"><a class=\"decorated-link cursor-pointer\" rel=\"noopener\" data-start=\"1126\" data-end=\"1145\">info@ontopco.com<\/a><\/strong><\/p>\n<p data-start=\"1149\" data-end=\"1248\">Vous pouvez \u00e9galement visiter :<br data-start=\"1168\" data-end=\"1171\">\u2022 <a href=\"https:\/\/ontopco.com\/fr\/refund_returns\/\">Politique de retour<\/a><br data-start=\"1187\" data-end=\"1190\">\u2022 Informations sur la livraison<br data-start=\"1212\" data-end=\"1215\">\u2022 <a href=\"https:\/\/ontopco.com\/fr\/privacy-policy\/\">Politique de confidentialit\u00e9<\/a><br data-start=\"1231\" data-end=\"1234\">\u2022 <a href=\"https:\/\/ontopco.com\/fr\/contact-us\/\">Contactez-nous<\/a><\/p>\n<p data-start=\"479\" data-end=\"716\">\n<\/p>\t\t\t\t\t\t\t\t<\/div>\n\t\t<div class=\"elementor-element elementor-element-4073b0c6 e-con-full e-grid e-con e-child\" data-id=\"4073b0c6\" data-element_type=\"container\">\n\t\t<div class=\"elementor-element elementor-element-528d76eb e-con-full e-flex e-con e-child\" data-id=\"528d76eb\" data-element_type=\"container\">\n\t\t\t\t<div class=\"elementor-element elementor-element-804a8c7 elementor-widget__width-initial elementor-widget-mobile__width-inherit elementor-widget-tablet__width-initial elementor-widget elementor-widget-image\" data-id=\"804a8c7\" data-element_type=\"widget\" data-widget_type=\"image.default\">\n\t\t\t\t\t\t\t\t\t\t\t\t\t\t\t<img fetchpriority=\"high\" decoding=\"async\" width=\"511\" height=\"511\" src=\"https:\/\/ontopco.com\/wp-content\/uploads\/2025\/10\/cropped-ontopco-logo.png\" class=\"attachment-full size-full wp-image-525\" alt=\"ontopco-logo\" srcset=\"https:\/\/ontopco.com\/wp-content\/uploads\/2025\/10\/cropped-ontopco-logo.png 511w, https:\/\/ontopco.com\/wp-content\/uploads\/2025\/10\/cropped-ontopco-logo-300x300.png 300w, https:\/\/ontopco.com\/wp-content\/uploads\/2025\/10\/cropped-ontopco-logo-150x150.png 150w, https:\/\/ontopco.com\/wp-content\/uploads\/2025\/10\/cropped-ontopco-logo-100x100.png 100w\" sizes=\"(max-width: 511px) 100vw, 511px\" title=\"\">\t\t\t\t\t\t\t\t\t\t\t\t\t\t\t<\/div>\n\t\t\t\t<div class=\"elementor-element elementor-element-25573bd4 elementor-widget__width-initial elementor-widget-mobile__width-inherit elementor-widget-tablet__width-initial elementor-invisible elementor-widget elementor-widget-heading\" data-id=\"25573bd4\" data-element_type=\"widget\" data-settings=\"{&quot;_animation&quot;:&quot;fadeInUp&quot;}\" data-widget_type=\"heading.default\">\n\t\t\t\t\t<h5 class=\"elementor-heading-title elementor-size-default\">Petite marque, grande vision<\/h5>\t\t\t\t<\/div>\n\t\t\t\t<div class=\"elementor-element elementor-element-1b739e2 elementor-widget__width-initial elementor-widget-mobile__width-inherit elementor-widget-tablet__width-initial elementor-invisible elementor-widget elementor-widget-text-editor\" data-id=\"1b739e2\" data-element_type=\"widget\" data-settings=\"{&quot;_animation&quot;:&quot;fadeInUp&quot;}\" data-widget_type=\"text-editor.default\">\n\t\t\t\t\t\t\t\t\t<p>ONTOPCO<\/p>\t\t\t\t\t\t\t\t<\/div>\n\t\t\t\t<div class=\"elementor-element elementor-element-cb66b09 elementor-widget__width-initial elementor-widget-mobile__width-inherit elementor-widget-tablet__width-initial elementor-invisible elementor-widget elementor-widget-text-editor\" data-id=\"cb66b09\" data-element_type=\"widget\" data-settings=\"{&quot;_animation&quot;:&quot;fadeInUp&quot;}\" data-widget_type=\"text-editor.default\">\n\t\t\t\t\t\t\t\t\t<p data-start=\"756\" data-end=\"948\">ONTOPCO a commenc\u00e9 comme un petit projet ind\u00e9pendant, anim\u00e9 par la passion du design et du savoir-faire de qualit\u00e9. Nous ne produisons pas en grandes quantit\u00e9s \u2014 nous cr\u00e9ons avec intention, r\u00e9flexion et soin.<\/p>\t\t\t\t\t\t\t\t<\/div>\n\t\t\t\t<\/div>\n\t\t<div class=\"elementor-element elementor-element-60a4e3ae e-con-full e-flex e-con e-child\" data-id=\"60a4e3ae\" data-element_type=\"container\">\n\t\t\t\t<div class=\"elementor-element elementor-element-364741d3 elementor-widget__width-initial elementor-widget-mobile__width-inherit elementor-widget-tablet__width-initial elementor-widget elementor-widget-image\" data-id=\"364741d3\" data-element_type=\"widget\" data-widget_type=\"image.default\">\n\t\t\t\t\t\t\t\t\t\t\t\t\t\t\t<img decoding=\"async\" width=\"150\" height=\"150\" src=\"https:\/\/ontopco.com\/wp-content\/uploads\/2025\/10\/red-beanie-white-pompom-winter-fashion-snow-style-150x150.png\" class=\"attachment-thumbnail size-thumbnail wp-image-578\" alt=\"\" srcset=\"https:\/\/ontopco.com\/wp-content\/uploads\/2025\/10\/red-beanie-white-pompom-winter-fashion-snow-style-150x150.png 150w, https:\/\/ontopco.com\/wp-content\/uploads\/2025\/10\/red-beanie-white-pompom-winter-fashion-snow-style-600x600.png 600w, https:\/\/ontopco.com\/wp-content\/uploads\/2025\/10\/red-beanie-white-pompom-winter-fashion-snow-style-100x100.png 100w\" sizes=\"(max-width: 150px) 100vw, 150px\" title=\"\">\t\t\t\t\t\t\t\t\t\t\t\t\t\t\t<\/div>\n\t\t\t\t<div class=\"elementor-element elementor-element-5f52b26a elementor-widget__width-initial elementor-widget-mobile__width-inherit elementor-widget-tablet__width-initial elementor-invisible elementor-widget elementor-widget-heading\" data-id=\"5f52b26a\" data-element_type=\"widget\" data-settings=\"{&quot;_animation&quot;:&quot;fadeInUp&quot;}\" data-widget_type=\"heading.default\">\n\t\t\t\t\t<h5 class=\"elementor-heading-title elementor-size-default\">Nos valeurs<\/h5>\t\t\t\t<\/div>\n\t\t\t\t<div class=\"elementor-element elementor-element-116e8d13 elementor-widget__width-initial elementor-widget-mobile__width-inherit elementor-widget-tablet__width-initial elementor-invisible elementor-widget elementor-widget-text-editor\" data-id=\"116e8d13\" data-element_type=\"widget\" data-settings=\"{&quot;_animation&quot;:&quot;fadeInUp&quot;}\" data-widget_type=\"text-editor.default\">\n\t\t\t\t\t\t\t\t\t<p>ONTOPCO<\/p>\t\t\t\t\t\t\t\t<\/div>\n\t\t\t\t<div class=\"elementor-element elementor-element-1f462b19 elementor-widget__width-initial elementor-widget-mobile__width-inherit elementor-widget-tablet__width-initial elementor-invisible elementor-widget elementor-widget-text-editor\" data-id=\"1f462b19\" data-element_type=\"widget\" data-settings=\"{&quot;_animation&quot;:&quot;fadeInUp&quot;}\" data-widget_type=\"text-editor.default\">\n\t\t\t\t\t\t\t\t\t<p>La qualit\u00e9 avant la quantit\u00e9<br data-start=\"997\" data-end=\"1000\" \/>Approvisionnement responsable<br data-start=\"1022\" data-end=\"1025\" \/>Production en petites s\u00e9ries<br data-start=\"1049\" data-end=\"1052\" \/>Communication honn\u00eate avec les clients<br data-start=\"1089\" data-end=\"1092\" \/>Respect des principes de la mode durable<\/p>\t\t\t\t\t\t\t\t<\/div>\n\t\t\t\t<\/div>\n\t\t<div class=\"elementor-element elementor-element-7b3c4745 e-con-full e-flex e-con e-child\" data-id=\"7b3c4745\" data-element_type=\"container\">\n\t\t\t\t<div class=\"elementor-element elementor-element-6f585f74 elementor-widget__width-initial elementor-widget-mobile__width-inherit elementor-widget-tablet__width-initial elementor-widget elementor-widget-image\" data-id=\"6f585f74\" data-element_type=\"widget\" data-widget_type=\"image.default\">\n\t\t\t\t\t\t\t\t\t\t\t\t\t\t\t<img decoding=\"async\" width=\"1080\" height=\"1080\" src=\"https:\/\/ontopco.com\/wp-content\/uploads\/2025\/11\/ONTOPKO-LATVIA-LOCATION-IN-EIROPA.webp\" class=\"attachment-full size-full wp-image-924\" alt=\"\" srcset=\"https:\/\/ontopco.com\/wp-content\/uploads\/2025\/11\/ONTOPKO-LATVIA-LOCATION-IN-EIROPA.webp 1080w, https:\/\/ontopco.com\/wp-content\/uploads\/2025\/11\/ONTOPKO-LATVIA-LOCATION-IN-EIROPA-300x300.webp 300w, https:\/\/ontopco.com\/wp-content\/uploads\/2025\/11\/ONTOPKO-LATVIA-LOCATION-IN-EIROPA-1024x1024.webp 1024w, https:\/\/ontopco.com\/wp-content\/uploads\/2025\/11\/ONTOPKO-LATVIA-LOCATION-IN-EIROPA-150x150.webp 150w, https:\/\/ontopco.com\/wp-content\/uploads\/2025\/11\/ONTOPKO-LATVIA-LOCATION-IN-EIROPA-768x768.webp 768w, https:\/\/ontopco.com\/wp-content\/uploads\/2025\/11\/ONTOPKO-LATVIA-LOCATION-IN-EIROPA-12x12.webp 12w, https:\/\/ontopco.com\/wp-content\/uploads\/2025\/11\/ONTOPKO-LATVIA-LOCATION-IN-EIROPA-600x600.webp 600w, https:\/\/ontopco.com\/wp-content\/uploads\/2025\/11\/ONTOPKO-LATVIA-LOCATION-IN-EIROPA-800x800.webp 800w, https:\/\/ontopco.com\/wp-content\/uploads\/2025\/11\/ONTOPKO-LATVIA-LOCATION-IN-EIROPA-100x100.webp 100w\" sizes=\"(max-width: 1080px) 100vw, 1080px\" title=\"\">\t\t\t\t\t\t\t\t\t\t\t\t\t\t\t<\/div>\n\t\t\t\t<div class=\"elementor-element elementor-element-70e26229 elementor-widget__width-initial elementor-widget-mobile__width-inherit elementor-widget-tablet__width-initial elementor-invisible elementor-widget elementor-widget-heading\" data-id=\"70e26229\" data-element_type=\"widget\" data-settings=\"{&quot;_animation&quot;:&quot;fadeInUp&quot;}\" data-widget_type=\"heading.default\">\n\t\t\t\t\t<h5 class=\"elementor-heading-title elementor-size-default\">Bas\u00e9 en Europe<\/h5>\t\t\t\t<\/div>\n\t\t\t\t<div class=\"elementor-element elementor-element-460b5574 elementor-widget__width-initial elementor-widget-mobile__width-inherit elementor-widget-tablet__width-initial elementor-invisible elementor-widget elementor-widget-text-editor\" data-id=\"460b5574\" data-element_type=\"widget\" data-settings=\"{&quot;_animation&quot;:&quot;fadeInUp&quot;}\" data-widget_type=\"text-editor.default\">\n\t\t\t\t\t\t\t\t\t<p>ONTOPCO<\/p>\t\t\t\t\t\t\t\t<\/div>\n\t\t\t\t<div class=\"elementor-element elementor-element-132dbc3e elementor-widget__width-initial elementor-widget-mobile__width-inherit elementor-widget-tablet__width-initial elementor-invisible elementor-widget elementor-widget-text-editor\" data-id=\"132dbc3e\" data-element_type=\"widget\" data-settings=\"{&quot;_animation&quot;:&quot;fadeInUp&quot;}\" data-widget_type=\"text-editor.default\">\n\t\t\t\t\t\t\t\t\t<p>ONTOPCO est situ\u00e9 en Lettonie (UE), et nous exp\u00e9dions nos produits \u00e0 des clients dans le monde entier.<\/p>\t\t\t\t\t\t\t\t<\/div>\n\t\t\t\t<\/div>\n\t\t\t\t<\/div>\n\t\t\t\t<\/div>\n\t\t\t\t<\/div>","protected":false},"excerpt":{"rendered":"<p>Welcome to ONTOPCO Discover the latest trends and timeless classics at ONTOPCO, your ultimate destination for quality clothing and exceptional style. About ONTOPCO Who We Are ONTOPCO is a European knitwear brand based in Riga Latvia (EU), dedicated to creating cozy, stylish, and carefully-crafted accessories for everyday life.&nbsp; We focus on timeless design, authentic aesthetics, [&hellip;]<\/p>","protected":false},"author":2,"featured_media":0,"parent":0,"menu_order":0,"comment_status":"closed","ping_status":"closed","template":"","meta":{"two_page_speed":[],"footnotes":""},"class_list":["post-886","page","type-page","status-publish","hentry"],"_links":{"self":[{"href":"https:\/\/ontopco.com\/fr\/wp-json\/wp\/v2\/pages\/886","targetHints":{"allow":["GET"]}}],"collection":[{"href":"https:\/\/ontopco.com\/fr\/wp-json\/wp\/v2\/pages"}],"about":[{"href":"https:\/\/ontopco.com\/fr\/wp-json\/wp\/v2\/types\/page"}],"author":[{"embeddable":true,"href":"https:\/\/ontopco.com\/fr\/wp-json\/wp\/v2\/users\/2"}],"replies":[{"embeddable":true,"href":"https:\/\/ontopco.com\/fr\/wp-json\/wp\/v2\/comments?post=886"}],"version-history":[{"count":0,"href":"https:\/\/ontopco.com\/fr\/wp-json\/wp\/v2\/pages\/886\/revisions"}],"wp:attachment":[{"href":"https:\/\/ontopco.com\/fr\/wp-json\/wp\/v2\/media?parent=886"}],"curies":[{"name":"wp","href":"https:\/\/api.w.org\/{rel}","templated":true}]}}