{"id":179,"date":"2025-09-16T10:34:30","date_gmt":"2025-09-16T10:34:30","guid":{"rendered":"https:\/\/ontopco.com\/terms-and-conditions\/"},"modified":"2025-11-23T19:09:53","modified_gmt":"2025-11-23T19:09:53","slug":"terms-and-conditions","status":"publish","type":"page","link":"https:\/\/ontopco.com\/lv\/terms-and-conditions\/","title":{"rendered":"Noteikumi un nosac\u012bjumi"},"content":{"rendered":"<div data-elementor-type=\"wp-page\" data-elementor-id=\"179\" class=\"elementor elementor-179\">\n\t\t\t\t<div class=\"elementor-element elementor-element-b7ydx1jg twbb_section e-flex e-con-boxed e-con e-parent\" data-id=\"b7ydx1jg\" data-element_type=\"container\">\n\t\t\t\t\t<div class=\"e-con-inner\">\n\t\t\t\t<div class=\"elementor-element elementor-element-e4o6m2lk elementor-widget__width-initial elementor-widget-mobile__width-inherit elementor-widget-tablet__width-initial elementor-invisible elementor-widget elementor-widget-heading\" data-id=\"e4o6m2lk\" data-element_type=\"widget\" data-settings=\"{&quot;_animation&quot;:&quot;fadeInUp&quot;}\" data-widget_type=\"heading.default\">\n\t\t\t\t\t<h1 class=\"elementor-heading-title elementor-size-default\">Noteikumi un nosac\u012bjumi<\/h1>\t\t\t\t<\/div>\n\t\t\t\t\t<\/div>\n\t\t\t\t<\/div>\n\t\t<div class=\"elementor-element elementor-element-yfuzhuxx twbb_section e-flex e-con-boxed e-con e-parent\" data-id=\"yfuzhuxx\" data-element_type=\"container\">\n\t\t\t\t\t<div class=\"e-con-inner\">\n\t\t\t\t<div class=\"elementor-element elementor-element-0sd98krk elementor-widget__width-initial elementor-widget-mobile__width-inherit elementor-widget-tablet__width-initial elementor-invisible elementor-widget elementor-widget-text-editor\" data-id=\"0sd98krk\" data-element_type=\"widget\" data-settings=\"{&quot;_animation&quot;:&quot;fadeInUp&quot;}\" data-widget_type=\"text-editor.default\">\n\t\t\t\t\t\t\t\t\t<p><b>ONTOPCO Lieto\u0161anas noteikumi un nosac\u012bjumi<\/b><\/p><p><b>1. Noteikumu pie\u0146em\u0161ana<\/b><\/p><p>Piek\u013c\u016bstot vai izmantojot ONTOPCO vietni, j\u016bs piekr\u012btat iev\u0113rot \u0161os Noteikumus un nosac\u012bjumus. Ja \u0161ie noteikumi nav jums pie\u0146emami, l\u016bdzam attur\u0113ties no vietnes izmanto\u0161anas.<\/p><p><b>2. Izmai\u0146as noteikumos<\/b><\/p><p>ONTOPCO patur ties\u012bbas jebkur\u0101 laik\u0101 veikt izmai\u0146as \u0161ajos Noteikumos un nosac\u012bjumos. Atjaunin\u0101t\u0101 versija tiks public\u0113ta \u0161aj\u0101 lap\u0101, un, turpinot izmantot vietni p\u0113c izmai\u0146\u0101m, j\u016bs piekr\u012btat atjaunin\u0101tajiem noteikumiem.<\/p><p><b>3. Intelektu\u0101lais \u012bpa\u0161ums<\/b><\/p><p>Viss saturs ONTOPCO vietn\u0113, ieskaitot, bet neaprobe\u017eojoties ar tekstu, grafiku, logotipiem un att\u0113liem, ir ONTOPCO vai t\u0101s licences dev\u0113ju \u012bpa\u0161ums. J\u016bs nedr\u012bkstat reproduc\u0113t, izplat\u012bt vai cit\u0101di izmantot \u0161o saturu bez rakstiskas at\u013caujas.<\/p><p><b>4. Lietot\u0101ja uzved\u012bba<\/b><\/p><p>J\u016bs piekr\u012btat izmantot ONTOPCO vietni t\u0101d\u0101 veid\u0101, kas nep\u0101rk\u0101pj piem\u0113rojamos likumus vai noteikumus. Jums ir aizliegts veikt jebk\u0101das darb\u012bbas, kas var\u0113tu kait\u0113t vai trauc\u0113t vietnes darb\u012bbai vai t\u0101s lietot\u0101jiem.<\/p><p><b>5. Atbild\u012bbas ierobe\u017eo\u0161ana<\/b><\/p><p>ONTOPCO nav atbild\u012bgs par jebk\u0101diem zaud\u0113jumiem, kas radu\u0161ies vietnes izmanto\u0161anas rezult\u0101t\u0101, tostarp, bet neaprobe\u017eojoties ar tie\u0161iem, netie\u0161iem, nejau\u0161iem, izrieto\u0161iem vai sod\u0101miem zaud\u0113jumiem.<\/p><p><b>6. Piem\u0113rojamie ties\u012bbu akti<\/b><\/p><p>\u0160os Noteikumus un nosac\u012bjumus reglament\u0113 un interpret\u0113 saska\u0146\u0101 ar Latvijas Republikas ties\u012bbu aktiem.<\/p><p><b>Sazinies ar mums<\/b><\/p><p>Jaut\u0101jumu vai neskaidr\u012bbu gad\u012bjum\u0101 par \u0161iem Noteikumiem un nosac\u012bjumiem, l\u016bdzu, sazinieties ar mums pa e-pastu: info@ontopco.com<\/p>\t\t\t\t\t\t\t\t<\/div>\n\t\t\t\t\t<\/div>\n\t\t\t\t<\/div>\n\t\t\t\t<\/div>","protected":false},"excerpt":{"rendered":"<p>Terms and Conditions Terms and Conditions for ONTOPCO 1. Acceptance of Terms By accessing or using the ONTOPCO website, you agree to be bound by these Terms and Conditions. If you do not agree to these terms, please do not use the website. 2. Modifications to Terms ONTOPCO reserves the right to modify these Terms [&hellip;]<\/p>","protected":false},"author":0,"featured_media":0,"parent":0,"menu_order":0,"comment_status":"closed","ping_status":"publish","template":"","meta":{"two_page_speed":[],"footnotes":""},"class_list":["post-179","page","type-page","status-publish","hentry"],"_links":{"self":[{"href":"https:\/\/ontopco.com\/lv\/wp-json\/wp\/v2\/pages\/179","targetHints":{"allow":["GET"]}}],"collection":[{"href":"https:\/\/ontopco.com\/lv\/wp-json\/wp\/v2\/pages"}],"about":[{"href":"https:\/\/ontopco.com\/lv\/wp-json\/wp\/v2\/types\/page"}],"replies":[{"embeddable":true,"href":"https:\/\/ontopco.com\/lv\/wp-json\/wp\/v2\/comments?post=179"}],"version-history":[{"count":0,"href":"https:\/\/ontopco.com\/lv\/wp-json\/wp\/v2\/pages\/179\/revisions"}],"wp:attachment":[{"href":"https:\/\/ontopco.com\/lv\/wp-json\/wp\/v2\/media?parent=179"}],"curies":[{"name":"wp","href":"https:\/\/api.w.org\/{rel}","templated":true}]}}