{"id":180,"date":"2025-09-16T10:34:30","date_gmt":"2025-09-16T10:34:30","guid":{"rendered":"https:\/\/ontopco.com\/privacy-policy\/"},"modified":"2025-11-23T18:50:05","modified_gmt":"2025-11-23T18:50:05","slug":"privacy-policy","status":"publish","type":"page","link":"https:\/\/ontopco.com\/lv\/privacy-policy\/","title":{"rendered":"Priv\u0101tuma politika"},"content":{"rendered":"<div data-elementor-type=\"wp-page\" data-elementor-id=\"180\" class=\"elementor elementor-180\">\n\t\t\t\t<div class=\"elementor-element elementor-element-8ucxm5hu twbb_section e-flex e-con-boxed e-con e-parent\" data-id=\"8ucxm5hu\" data-element_type=\"container\">\n\t\t\t\t\t<div class=\"e-con-inner\">\n\t\t\t\t<div class=\"elementor-element elementor-element-9npt378z elementor-widget__width-initial elementor-widget-mobile__width-inherit elementor-widget-tablet__width-initial elementor-invisible elementor-widget elementor-widget-heading\" data-id=\"9npt378z\" data-element_type=\"widget\" data-settings=\"{&quot;_animation&quot;:&quot;fadeInUp&quot;}\" data-widget_type=\"heading.default\">\n\t\t\t\t\t<h1 class=\"elementor-heading-title elementor-size-default\">Priv\u0101tuma politika<\/h1>\t\t\t\t<\/div>\n\t\t\t\t\t<\/div>\n\t\t\t\t<\/div>\n\t\t<div class=\"elementor-element elementor-element-zddvrle1 twbb_section e-flex e-con-boxed e-con e-parent\" data-id=\"zddvrle1\" data-element_type=\"container\">\n\t\t\t\t\t<div class=\"e-con-inner\">\n\t\t\t\t<div class=\"elementor-element elementor-element-18f8a1ol elementor-widget__width-initial elementor-widget-mobile__width-inherit elementor-widget-tablet__width-initial elementor-invisible elementor-widget elementor-widget-text-editor\" data-id=\"18f8a1ol\" data-element_type=\"widget\" data-settings=\"{&quot;_animation&quot;:&quot;fadeInUp&quot;}\" data-widget_type=\"text-editor.default\">\n\t\t\t\t\t\t\t\t\t<p data-start=\"333\" data-end=\"363\"><strong data-start=\"333\" data-end=\"363\">Priv\u0101tuma politika ONTOPCO<\/strong><\/p><p data-start=\"333\" data-end=\"363\"><strong data-start=\"365\" data-end=\"384\">1. Ievads<\/strong><br data-start=\"384\" data-end=\"387\" \/>ONTOPCO (turpm\u0101k \u2014 \u201cm\u0113s\u201d, \u201cm\u016bsu\u201d vai \u201cmums\u201d) ir ap\u0146\u0113mies aizsarg\u0101t j\u016bsu personas inform\u0101ciju un nodro\u0161in\u0101t j\u016bsu priv\u0101tumu, p\u0101rl\u016bkojot m\u016bsu vietni vai veicot dar\u012bjumus ar mums. <a class=\"decorated-link\" href=\"https:\/\/ontopco.com\/lv\/?utm_source=chatgpt.com\" target=\"_new\" rel=\"noopener\" data-start=\"548\" data-end=\"567\">https:\/\/ontopco.com<\/a> (\u201cVietne\u201d). \u0160\u012b priv\u0101tuma politika (\u201cPolitika\u201d) skaidro, k\u0101 m\u0113s iev\u0101cam, izmantojam, glab\u0101jam un apstr\u0101d\u0101jam j\u016bsu personas datus saska\u0146\u0101 ar Eiropas Visp\u0101r\u012bgo datu aizsardz\u012bbas regulu (GDPR) un citiem piem\u0113rojamiem normat\u012bvajiem aktiem.<\/p><p data-start=\"781\" data-end=\"1032\"><strong data-start=\"781\" data-end=\"803\">2. Datu p\u0101rzinis<\/strong><br data-start=\"803\" data-end=\"806\" \/>ONTOPCO, Latvija (ES) ir datu p\u0101rzinis personas datiem, kas tiek apstr\u0101d\u0101ti, izmantojot \u0161o vietni. Ja jums ir k\u0101di jaut\u0101jumi par \u0161o Politiku vai v\u0113laties izmantot savas datu subjekta ties\u012bbas, l\u016bdzu, sazinieties ar mums: <a class=\"decorated-link cursor-pointer\" rel=\"noopener\" data-start=\"1012\" data-end=\"1031\">info@ontopco.com<\/a>.<\/p><p data-start=\"1034\" data-end=\"1656\"><strong data-start=\"1034\" data-end=\"1070\">3. K\u0101dus personas datus m\u0113s iev\u0101cam<\/strong><br data-start=\"1070\" data-end=\"1073\" \/>M\u0113s iev\u0101cam \u0161\u0101das personas datu kategorijas, kad j\u016bs izmantojat m\u016bsu vietni vai veicat pas\u016bt\u012bjumu:<br data-start=\"1169\" data-end=\"1172\" \/>\u2013 Identifik\u0101cijas dati: v\u0101rds, dzim\u0161anas datums (p\u0113c izv\u0113les)<br data-start=\"1219\" data-end=\"1222\" \/>\u2013 Kontaktinform\u0101cija: e-pasts, t\u0101lru\u0146a numurs, pieg\u0101des un r\u0113\u0137inu adrese<br data-start=\"1299\" data-end=\"1302\" \/>\u2013 Maks\u0101jumu dati: kred\u012btkartes\/debetkartes inform\u0101cija (tiek apstr\u0101d\u0101ta m\u016bsu maks\u0101jumu pakalpojumu sniedz\u0113ja).<br data-start=\"1383\" data-end=\"1386\" \/>\u2013 Pas\u016bt\u012bjuma inform\u0101cija: pas\u016bt\u012bjuma numurs, pas\u016bt\u012bt\u0101s preces, pirkuma datums<br data-start=\"1452\" data-end=\"1455\" \/>\u2013 Tehniskie un p\u0101rl\u016bko\u0161anas dati: IP adrese, p\u0101rl\u016bkprogrammas tips, oper\u0113t\u0101jsist\u0113ma, apmekl\u0113t\u0101s lapas, apmekl\u0113juma datums un laiks<br data-start=\"1567\" data-end=\"1570\" \/>\u2013 M\u0101rketinga un komunik\u0101cijas dati: j\u016bsu izv\u0113les attiec\u012bb\u0101 uz m\u0101rketinga materi\u0101lu sa\u0146em\u0161anu no mums<\/p><p data-start=\"1658\" data-end=\"2112\"><strong data-start=\"1658\" data-end=\"1694\">4. K\u0101 m\u0113s izmantojam j\u016bsu personas datus<\/strong><br data-start=\"1694\" data-end=\"1697\" \/>We use your personal data for the following purposes:<br data-start=\"1750\" data-end=\"1753\" \/>\u2013 Lai apstr\u0101d\u0101tu un izpild\u012btu j\u016bsu pas\u016bt\u012bjumus, tostarp pieg\u0101di un atgrie\u0161anu<br data-start=\"1820\" data-end=\"1823\" \/>\u2013 Lai p\u0101rvald\u012btu j\u016bsu kontu un nodro\u0161in\u0101tu klientu apkalpo\u0161anu<br data-start=\"1876\" data-end=\"1879\" \/>\u2013 Lai personaliz\u0113tu j\u016bsu iepirk\u0161an\u0101s pieredzi un uzlabotu m\u016bsu vietni<br data-start=\"1944\" data-end=\"1947\" \/>\u2013 Lai nos\u016bt\u012btu rekl\u0101mas pazi\u0146ojumus, ja j\u016bs tiem esat piekritis<br data-start=\"2004\" data-end=\"2007\" \/>\u2013 Lai izpild\u012btu juridiskas pras\u012bbas (piem\u0113ram, saist\u012btas ar nodok\u013ciem, kr\u0101p\u0161anas nov\u0113r\u0161anu)<br data-start=\"2065\" data-end=\"2068\" \/>\u2013 Lai analiz\u0113tu datus uz\u0146\u0113muma darb\u012bbas uzlabo\u0161anai<\/p><p data-start=\"2114\" data-end=\"2280\">M\u016bsu tiesiskais pamats j\u016bsu personas datu apstr\u0101dei ir: l\u012bguma izpilde, le\u0123it\u012bmas intereses, juridisko saist\u012bbu izpilde un (ja nepiecie\u0161ams) j\u016bsu piekri\u0161ana.<\/p><p data-start=\"2282\" data-end=\"2698\"><strong data-start=\"2282\" data-end=\"2315\">5. J\u016bsu personas datu koplieto\u0161ana<\/strong><br data-start=\"2315\" data-end=\"2318\" \/>M\u0113s nep\u0101rdodam, neiz\u012br\u0113jam un neapmain\u0101m j\u016bsu personas datus ar tre\u0161aj\u0101m person\u0101m. M\u0113s varam kop\u012bgot j\u016bsu datus ar \u0161\u0101d\u0101m sa\u0146\u0113m\u0113ju kategorij\u0101m:<br data-start=\"2452\" data-end=\"2455\" \/>\u2013 Maks\u0101jumu apstr\u0101d\u0101t\u0101ji un bankas pas\u016bt\u012bjuma maks\u0101jumu veik\u0161anai<br data-start=\"2503\" data-end=\"2506\" \/>\u2013 Pieg\u0101des p\u0101rvad\u0101t\u0101ji un lo\u0123istikas partneri pas\u016bt\u012bjuma pieg\u0101dei<br data-start=\"2567\" data-end=\"2570\" \/>\u2013 IT pakalpojumu sniedz\u0113ji, kas uztur vai mitina m\u016bsu vietni un anal\u012btikas risin\u0101jumus<br data-start=\"2641\" data-end=\"2644\" \/>\u2013 Juridiskie un atbilst\u012bbas konsultanti, ja tas ir nepiecie\u0161ams saska\u0146\u0101 ar likumu<\/p><p data-start=\"2700\" data-end=\"2810\">M\u0113s nodro\u0161in\u0101m, ka visi tre\u0161o pu\u0161u pakalpojumu sniedz\u0113ji iev\u0113ro konfidencialit\u0101tes un datu aizsardz\u012bbas saist\u012bbas.<\/p><p data-start=\"2812\" data-end=\"3079\"><strong data-start=\"2812\" data-end=\"2842\">6. Starptautiskie datu p\u0101rs\u016bt\u012bjumi<\/strong><br data-start=\"2842\" data-end=\"2845\" \/>J\u016bsu personas dati, ja nepiecie\u0161ams, var tikt p\u0101rs\u016bt\u012bti \u0101rpus Eiropas Ekonomikas zonas (EEZ). \u0160\u0101dos gad\u012bjumos m\u0113s ievie\u0161am atbilsto\u0161us aizsardz\u012bbas pas\u0101kumus, piem\u0113ram, Eiropas Komisijas apstiprin\u0101t\u0101s standarta l\u012bgumu klauzulas.<\/p><p data-start=\"3081\" data-end=\"3429\"><strong data-start=\"3081\" data-end=\"3121\">7. S\u012bkdatnes un izseko\u0161anas tehnolo\u0123ijas<\/strong><br data-start=\"3121\" data-end=\"3124\" \/>M\u0113s izmantojam s\u012bkdatnes un l\u012bdz\u012bgas izseko\u0161anas tehnolo\u0123ijas m\u016bsu vietn\u0113, lai:<br data-start=\"3191\" data-end=\"3194\" \/>\u2013 nodro\u0161in\u0101tu pamata vietnes funkcionalit\u0101ti<br data-start=\"3227\" data-end=\"3230\" \/>\u2013 izsekot apmekl\u0113t\u0101ju uzved\u012bbu un anal\u012btiku<br data-start=\"3269\" data-end=\"3272\" \/>\u2013 personaliz\u0113t saturu un pied\u0101v\u0101jumus<br data-start=\"3304\" data-end=\"3307\" \/>J\u016bs varat p\u0101rvald\u012bt vai atsp\u0113jot s\u012bkdatnes, mainot p\u0101rl\u016bkprogrammas iestat\u012bjumus. L\u016bdzu, \u0146emiet v\u0113r\u0101, ka tas var ietekm\u0113t j\u016bsu p\u0101rl\u016bko\u0161anas pieredzi.<\/p><p data-start=\"3431\" data-end=\"3691\"><strong data-start=\"3431\" data-end=\"3464\">8. Personas datu glab\u0101\u0161anas termi\u0146\u0161<\/strong><br data-start=\"3464\" data-end=\"3467\" \/>M\u0113s glab\u0101jam j\u016bsu personas datus tikai tik ilgi, cik tas nepiecie\u0161ams \u0161aj\u0101 Politik\u0101 nor\u0101d\u012bto m\u0113r\u0137u izpildei. P\u0113c tam m\u0113s j\u016bsu datus dz\u0113s\u012bsim vai anonimiz\u0113sim, ja vien to glab\u0101\u0161ana nav nepiecie\u0161ama saska\u0146\u0101 ar likumu (piem\u0113ram, nodok\u013cu vai gr\u0101matved\u012bbas nol\u016bkos).<\/p><p data-start=\"3693\" data-end=\"4058\"><strong data-start=\"3693\" data-end=\"3719\">9. Datu subjekta ties\u012bbas<\/strong><br data-start=\"3719\" data-end=\"3722\" \/>Saska\u0146\u0101 ar GDPR jums ir \u0161\u0101das ties\u012bbas:<br data-start=\"3767\" data-end=\"3770\" \/>\u2013 Ties\u012bbas piek\u013c\u016bt saviem personas datiem<br data-start=\"3806\" data-end=\"3809\" \/>\u2013 Ties\u012bbas labot neprec\u012bzus vai nepiln\u012bgus datus<br data-start=\"3857\" data-end=\"3860\" \/>\u2013 Ties\u012bbas uz dz\u0113\u0161anu (ties\u012bbas tikt aizmirstam)<br data-start=\"3902\" data-end=\"3905\" \/>\u2013 Ties\u012bbas ierobe\u017eot vai iebilst pret datu apstr\u0101di<br data-start=\"3948\" data-end=\"3951\" \/>\u2013 Ties\u012bbas uz datu p\u0101rnesam\u012bbu<br data-start=\"3978\" data-end=\"3981\" \/>\u2013 Ties\u012bbas atsaukt piekri\u0161anu jebkur\u0101 laik\u0101 (ja apstr\u0101de balst\u012bta uz piekri\u0161anu).<\/p><p data-start=\"4060\" data-end=\"4207\">Lai izmantotu k\u0101das no \u0161\u012bm ties\u012bb\u0101m, l\u016bdzu, sazinieties ar mums: <a class=\"decorated-link cursor-pointer\" rel=\"noopener\" data-start=\"4114\" data-end=\"4133\">support@ontopco.com<\/a>M\u0113s atbild\u0113sim viena m\u0113ne\u0161a laik\u0101, ja vien nav pamatota nepiecie\u0161am\u012bba \u0161o termi\u0146u pagarin\u0101t.<\/p><p data-start=\"4209\" data-end=\"4490\"><strong data-start=\"4209\" data-end=\"4225\">10. Dro\u0161\u012bba<\/strong><br data-start=\"4225\" data-end=\"4228\" \/>M\u0113s ievie\u0161am atbilsto\u0161us tehniskus un organizatoriskus pas\u0101kumus, lai aizsarg\u0101tu j\u016bsu personas datus pret neat\u013cautu vai nelikum\u012bgu apstr\u0101di, k\u0101 ar\u012b pret nejau\u0161u zudumu, izn\u012bcin\u0101\u0161anu vai boj\u0101jumiem. Tom\u0113r neviena datu p\u0101rs\u016bt\u012b\u0161anas metode internet\u0101 nav 100% dro\u0161a.<\/p><p data-start=\"4492\" data-end=\"4762\"><strong data-start=\"4492\" data-end=\"4518\">11. B\u0113rnu priv\u0101tums<\/strong><br data-start=\"4518\" data-end=\"4521\" \/>M\u016bsu produkti un pakalpojumi ir paredz\u0113ti person\u0101m no 18 gadu vecuma. M\u0113s apzin\u0101ti neiev\u0101cam personas datus no b\u0113rniem, kas jaun\u0101ki par 18 gadiem. Ja k\u013c\u016bst zin\u0101ms par \u0161\u0101du datu iev\u0101k\u0161anu, l\u016bdzu, sazinieties ar mums, un m\u0113s \u0161o inform\u0101ciju dz\u0113s\u012bsim.<\/p><p data-start=\"4764\" data-end=\"5050\"><strong data-start=\"4764\" data-end=\"4794\">12. Izmai\u0146as \u0161aj\u0101 Politik\u0101<\/strong><br data-start=\"4794\" data-end=\"4797\" \/>M\u0113s varam periodiski atjaunin\u0101t \u0161o Politiku. Veicot izmai\u0146as, m\u0113s public\u0113sim atjaunin\u0101to versiju vietn\u0113 un atjaunosim \u201cP\u0113d\u0113jo reizi atjaunin\u0101ts\u201d datumu \u0161\u012bs lapas apak\u0161\u0101. Turpinot izmantot vietni p\u0113c izmai\u0146\u0101m, j\u016bs piekr\u012btat atjaunin\u0101tajai Politikai.<\/p><p data-start=\"5052\" data-end=\"5076\"><strong data-start=\"5052\" data-end=\"5076\">P\u0113d\u0113jo reizi atjaunin\u0101ts: [23.11.2025.]<\/strong><\/p>\t\t\t\t\t\t\t\t<\/div>\n\t\t\t\t\t<\/div>\n\t\t\t\t<\/div>\n\t\t\t\t<\/div>","protected":false},"excerpt":{"rendered":"<p>Privacy Policy Privacy Policy for ONTOPCO 1. IntroductionONTOPCO (hereinafter \u201cwe\u201d, \u201cour\u201d, \u201cus\u201d) is committed to protecting your personal data and ensuring your privacy when you visit or place an order via our website https:\/\/ontopco.com (\u201cWebsite\u201d). This privacy policy (\u201cPolicy\u201d) explains how we collect, use, store and process your personal data in accordance with the European [&hellip;]<\/p>","protected":false},"author":0,"featured_media":0,"parent":0,"menu_order":0,"comment_status":"closed","ping_status":"publish","template":"","meta":{"two_page_speed":[],"footnotes":""},"class_list":["post-180","page","type-page","status-publish","hentry"],"_links":{"self":[{"href":"https:\/\/ontopco.com\/lv\/wp-json\/wp\/v2\/pages\/180","targetHints":{"allow":["GET"]}}],"collection":[{"href":"https:\/\/ontopco.com\/lv\/wp-json\/wp\/v2\/pages"}],"about":[{"href":"https:\/\/ontopco.com\/lv\/wp-json\/wp\/v2\/types\/page"}],"replies":[{"embeddable":true,"href":"https:\/\/ontopco.com\/lv\/wp-json\/wp\/v2\/comments?post=180"}],"version-history":[{"count":0,"href":"https:\/\/ontopco.com\/lv\/wp-json\/wp\/v2\/pages\/180\/revisions"}],"wp:attachment":[{"href":"https:\/\/ontopco.com\/lv\/wp-json\/wp\/v2\/media?parent=180"}],"curies":[{"name":"wp","href":"https:\/\/api.w.org\/{rel}","templated":true}]}}