{"id":886,"date":"2025-11-23T16:42:10","date_gmt":"2025-11-23T16:42:10","guid":{"rendered":"https:\/\/ontopco.com\/?page_id=886"},"modified":"2025-11-25T16:23:38","modified_gmt":"2025-11-25T16:23:38","slug":"about-ontopco","status":"publish","type":"page","link":"https:\/\/ontopco.com\/lv\/about-ontopco\/","title":{"rendered":"Par ONTOPCO"},"content":{"rendered":"<div data-elementor-type=\"wp-page\" data-elementor-id=\"886\" class=\"elementor elementor-886\">\n\t\t\t\t<div class=\"elementor-element elementor-element-h8vvj2k4 twbb_section twbb_title_54 e-flex e-con-boxed e-con e-parent\" data-id=\"h8vvj2k4\" data-element_type=\"container\" id=\"title\" data-settings=\"{&quot;background_background&quot;:&quot;classic&quot;,&quot;background_motion_fx_motion_fx_scrolling&quot;:&quot;yes&quot;,&quot;background_motion_fx_scale_effect&quot;:&quot;yes&quot;,&quot;background_motion_fx_scale_speed&quot;:{&quot;unit&quot;:&quot;px&quot;,&quot;size&quot;:7,&quot;sizes&quot;:[]},&quot;background_motion_fx_scale_direction&quot;:&quot;out-in&quot;,&quot;background_motion_fx_scale_range&quot;:{&quot;unit&quot;:&quot;%&quot;,&quot;size&quot;:&quot;&quot;,&quot;sizes&quot;:{&quot;start&quot;:20,&quot;end&quot;:80}},&quot;background_motion_fx_devices&quot;:[&quot;desktop&quot;,&quot;tablet&quot;,&quot;mobile&quot;]}\">\n\t\t\t\t\t<div class=\"e-con-inner\">\n\t\t\t\t<div class=\"elementor-element elementor-element-oen46n6h elementor-widget__width-initial elementor-widget-mobile__width-inherit elementor-widget-tablet__width-initial elementor-invisible elementor-widget elementor-widget-heading\" data-id=\"oen46n6h\" data-element_type=\"widget\" data-settings=\"{&quot;_animation&quot;:&quot;fadeInUp&quot;}\" data-widget_type=\"heading.default\">\n\t\t\t\t\t<h2 class=\"elementor-heading-title elementor-size-default\">Laipni l\u016bdzam ONTOPCO<\/h2>\t\t\t\t<\/div>\n\t\t\t\t<div class=\"elementor-element elementor-element-bxlh284l elementor-widget__width-initial elementor-widget-mobile__width-inherit elementor-widget-tablet__width-initial elementor-invisible elementor-widget elementor-widget-text-editor\" data-id=\"bxlh284l\" data-element_type=\"widget\" data-settings=\"{&quot;_animation&quot;:&quot;fadeInUp&quot;}\" data-widget_type=\"text-editor.default\">\n\t\t\t\t\t\t\t\t\t<p>Atkl\u0101j jaun\u0101k\u0101s tendences un m\u016b\u017e\u012bgo klasiku ONTOPCO \u2013 tav\u0101 galam\u0113r\u0137\u012b kvalitat\u012bvam ap\u0123\u0113rbam un izcilam stilam.<\/p>\t\t\t\t\t\t\t\t<\/div>\n\t\t\t\t\t<\/div>\n\t\t\t\t<\/div>\n\t\t<div class=\"elementor-element elementor-element-1ebb1c14 twbb_section e-con-full e-flex e-con e-parent\" data-id=\"1ebb1c14\" data-element_type=\"container\" id=\"about\">\n\t\t\t\t<div class=\"elementor-element elementor-element-6eb10442 elementor-widget__width-initial elementor-widget-mobile__width-inherit elementor-widget-tablet__width-initial elementor-invisible elementor-widget elementor-widget-heading\" data-id=\"6eb10442\" data-element_type=\"widget\" data-settings=\"{&quot;_animation&quot;:&quot;fadeInUp&quot;}\" data-widget_type=\"heading.default\">\n\t\t\t\t\t<h2 class=\"elementor-heading-title elementor-size-default\">Par ONTOPCO<\/h2>\t\t\t\t<\/div>\n\t\t\t\t<div class=\"elementor-element elementor-element-48e41c66 elementor-widget__width-initial elementor-widget-mobile__width-inherit elementor-widget-tablet__width-initial elementor-widget elementor-widget-twbb_gallery\" data-id=\"48e41c66\" data-element_type=\"widget\" data-settings=\"{&quot;gallery_layout&quot;:&quot;masonry&quot;,&quot;gap&quot;:{&quot;unit&quot;:&quot;px&quot;,&quot;size&quot;:20,&quot;sizes&quot;:[]},&quot;hgap&quot;:{&quot;unit&quot;:&quot;px&quot;,&quot;size&quot;:20,&quot;sizes&quot;:[]},&quot;gap_mobile&quot;:{&quot;unit&quot;:&quot;px&quot;,&quot;size&quot;:20,&quot;sizes&quot;:[]},&quot;hgap_mobile&quot;:{&quot;unit&quot;:&quot;px&quot;,&quot;size&quot;:20,&quot;sizes&quot;:[]},&quot;columns&quot;:3,&quot;columns_mobile&quot;:2,&quot;image_hover_animation&quot;:&quot;grow&quot;,&quot;lazyload&quot;:&quot;yes&quot;,&quot;columns_tablet&quot;:2,&quot;gap_tablet&quot;:{&quot;unit&quot;:&quot;px&quot;,&quot;size&quot;:10,&quot;sizes&quot;:[]},&quot;hgap_tablet&quot;:{&quot;unit&quot;:&quot;px&quot;,&quot;size&quot;:10,&quot;sizes&quot;:[]}}\" data-widget_type=\"twbb_gallery.default\">\n\t\t\t\t<div class=\"elementor-widget-container\">\n\t\t\t\t\t\t\t<div class=\"elementor-gallery__container\">\n\t\t\t\t\t\t\t<div\n                class=\"e-gallery-item elementor-gallery-item twbb-flex-end-item elementor-animated-content\">\n        \n        <div class=\"twbb_item_image_section\">\n          <div class=\"e-gallery-image elementor-gallery-item__image\" data-thumbnail=\"https:\/\/ontopco.com\/wp-content\/uploads\/2025\/11\/New-Project-2025-11-22T131855.127.png\" data-width=\"1000\" data-height=\"1500\" alt=\"\" ><\/div>\n                  <\/div>\n               <\/div>\n      \t\t\t\t<div\n                class=\"e-gallery-item elementor-gallery-item twbb-flex-end-item elementor-animated-content\">\n        \n        <div class=\"twbb_item_image_section\">\n          <div class=\"e-gallery-image elementor-gallery-item__image\" data-thumbnail=\"https:\/\/ontopco.com\/wp-content\/uploads\/2025\/11\/ontopco-dark-navy-knit-beanie-gift-box.png\" data-width=\"1000\" data-height=\"1500\" alt=\"\" ><\/div>\n                  <\/div>\n               <\/div>\n      \t\t\t\t<div\n                class=\"e-gallery-item elementor-gallery-item twbb-flex-end-item elementor-animated-content\">\n        \n        <div class=\"twbb_item_image_section\">\n          <div class=\"e-gallery-image elementor-gallery-item__image\" data-thumbnail=\"https:\/\/ontopco.com\/wp-content\/uploads\/2025\/11\/dark-green-knitted-beanie-forest-aesthetic-orange-yarn.jpg\" data-width=\"1000\" data-height=\"1500\" alt=\"\" ><\/div>\n                  <\/div>\n               <\/div>\n      \t\t\t\t<div\n                class=\"e-gallery-item elementor-gallery-item twbb-flex-end-item elementor-animated-content\">\n        \n        <div class=\"twbb_item_image_section\">\n          <div class=\"e-gallery-image elementor-gallery-item__image\" data-thumbnail=\"https:\/\/ontopco.com\/wp-content\/uploads\/2025\/11\/pink-blue-taupe-pom-pom-beanies-soft-knitwear-winter-accessories-ontopco.jpg\" data-width=\"1000\" data-height=\"1500\" alt=\"\" ><\/div>\n                  <\/div>\n               <\/div>\n      \t\t\t\t<div\n                class=\"e-gallery-item elementor-gallery-item twbb-flex-end-item elementor-animated-content\">\n        \n        <div class=\"twbb_item_image_section\">\n          <div class=\"e-gallery-image elementor-gallery-item__image\" data-thumbnail=\"https:\/\/ontopco.com\/wp-content\/uploads\/2025\/11\/pink-striped-knitted-pom-pom-beanies-snow-winter-flatlay-ontopco.jpg\" data-width=\"1000\" data-height=\"1500\" alt=\"\" ><\/div>\n                  <\/div>\n               <\/div>\n      \t\t\t\t<div\n                class=\"e-gallery-item elementor-gallery-item twbb-flex-end-item elementor-animated-content\">\n        \n        <div class=\"twbb_item_image_section\">\n          <div class=\"e-gallery-image elementor-gallery-item__image\" data-thumbnail=\"https:\/\/ontopco.com\/wp-content\/uploads\/2025\/11\/New-Project-91.png\" data-width=\"1000\" data-height=\"1500\" alt=\"\" ><\/div>\n                  <\/div>\n               <\/div>\n            <\/div>\n\n      \t\t\t\t<\/div>\n\t\t\t\t<\/div>\n\t\t\t\t<div class=\"elementor-element elementor-element-44e64819 elementor-widget__width-initial elementor-widget-mobile__width-inherit elementor-widget-tablet__width-initial elementor-invisible elementor-widget elementor-widget-heading\" data-id=\"44e64819\" data-element_type=\"widget\" data-settings=\"{&quot;_animation&quot;:&quot;fadeInUp&quot;}\" data-widget_type=\"heading.default\">\n\t\t\t\t\t<h3 class=\"elementor-heading-title elementor-size-default\">Kas m\u0113s esam<\/h3>\t\t\t\t<\/div>\n\t\t\t\t<div class=\"elementor-element elementor-element-28e8c3f5 elementor-widget__width-initial elementor-widget-mobile__width-inherit elementor-widget-tablet__width-initial elementor-invisible elementor-widget elementor-widget-text-editor\" data-id=\"28e8c3f5\" data-element_type=\"widget\" data-settings=\"{&quot;_animation&quot;:&quot;fadeInUp&quot;}\" data-widget_type=\"text-editor.default\">\n\t\t\t\t\t\t\t\t\t<p data-start=\"286\" data-end=\"602\"><strong data-start=\"286\" data-end=\"444\">ONTOPCO ir Eiropas ad\u012bjumu z\u012bmols, kura b\u0101ze atrodas R\u012bg\u0101, Latvij\u0101 (ES). Tas ir velt\u012bts m\u0101j\u012bgu, stil\u012bgu un kvalitat\u012bvi izstr\u0101d\u0101tu aksesu\u0101ru rad\u012b\u0161anai ikdienas dz\u012bvei.<\/strong>&nbsp;<\/p><p data-start=\"286\" data-end=\"602\">M\u0113s ticam klusas elegances sp\u0113kam, noz\u012bm\u012bg\u0101m deta\u013c\u0101m un dizainam, kas nep\u0101riet \u2014 katrs ONTOPCO aksesu\u0101rs tiek izv\u0113l\u0113ts ar r\u016bp\u012bbu, p\u0101rbaud\u012bts kvalit\u0101tei un rad\u012bts t\u0101, lai tas b\u016btu tikpat skaists, cik noder\u012bgs.<\/p>\n<p data-start=\"604\" data-end=\"850\">M\u0113s ticam, ka ziemas aksesu\u0101riem ir j\u0101sniedz ne tikai siltums, bet ar\u012b j\u0101izpau\u017e Tava individualit\u0101te, p\u0101rliec\u012bba un noska\u0146ojums. M\u016bsu kolekcij\u0101 ir beanies cepures, \u0161alles un sezon\u0101li ad\u012bjumi tiem, kas v\u0113rt\u0113 kvalit\u0101ti, komfortu un person\u012bgo stilu.<\/p>\n<p data-start=\"852\" data-end=\"1063\">Dibin\u0101ts 2025. gad\u0101 Latvij\u0101, ONTOPCO nos\u016bta pas\u016bt\u012bjumus tie\u0161i no m\u016bsu Eiropas atra\u0161an\u0101s vietas \u2014 m\u0113s neizmantojam tre\u0161\u0101s puses dropshipping pieg\u0101d\u0101t\u0101jus. Visi pas\u016bt\u012bjumi tiek apstr\u0101d\u0101ti un izpild\u012bti ONTOPCO, nodro\u0161inot kvalit\u0101ti, autentiskumu un r\u016bpes par klientu.<\/p>\n<p data-start=\"1065\" data-end=\"1147\">Jaut\u0101jumu vai sadarb\u012bbas gad\u012bjum\u0101 sazinieties ar mums:<br data-start=\"1121\" data-end=\"1124\"><strong data-start=\"1124\" data-end=\"1147\"><a class=\"decorated-link cursor-pointer\" rel=\"noopener\" data-start=\"1126\" data-end=\"1145\">info@ontopco.com<\/a><\/strong><\/p>\n<p data-start=\"1149\" data-end=\"1248\">Aicin\u0101m apmekl\u0113t ar\u012b:<br data-start=\"1168\" data-end=\"1171\">\u2022 <a href=\"https:\/\/ontopco.com\/lv\/refund_returns\/\">Atgrie\u0161anas noteikumi<\/a><br data-start=\"1187\" data-end=\"1190\">\u2022 Pieg\u0101des inform\u0101cija<br data-start=\"1212\" data-end=\"1215\">\u2022 <a href=\"https:\/\/ontopco.com\/lv\/privacy-policy\/\">Priv\u0101tuma politika<\/a><br data-start=\"1231\" data-end=\"1234\">\u2022 <a href=\"https:\/\/ontopco.com\/lv\/contact-us\/\">Sazinies ar mums<\/a><\/p>\n<p data-start=\"479\" data-end=\"716\">\n<\/p>\t\t\t\t\t\t\t\t<\/div>\n\t\t<div class=\"elementor-element elementor-element-4073b0c6 e-con-full e-grid e-con e-child\" data-id=\"4073b0c6\" data-element_type=\"container\">\n\t\t<div class=\"elementor-element elementor-element-528d76eb e-con-full e-flex e-con e-child\" data-id=\"528d76eb\" data-element_type=\"container\">\n\t\t\t\t<div class=\"elementor-element elementor-element-804a8c7 elementor-widget__width-initial elementor-widget-mobile__width-inherit elementor-widget-tablet__width-initial elementor-widget elementor-widget-image\" data-id=\"804a8c7\" data-element_type=\"widget\" data-widget_type=\"image.default\">\n\t\t\t\t\t\t\t\t\t\t\t\t\t\t\t<img fetchpriority=\"high\" decoding=\"async\" width=\"511\" height=\"511\" src=\"https:\/\/ontopco.com\/wp-content\/uploads\/2025\/10\/cropped-ontopco-logo.png\" class=\"attachment-full size-full wp-image-525\" alt=\"ontopco-logo\" srcset=\"https:\/\/ontopco.com\/wp-content\/uploads\/2025\/10\/cropped-ontopco-logo.png 511w, https:\/\/ontopco.com\/wp-content\/uploads\/2025\/10\/cropped-ontopco-logo-300x300.png 300w, https:\/\/ontopco.com\/wp-content\/uploads\/2025\/10\/cropped-ontopco-logo-150x150.png 150w, https:\/\/ontopco.com\/wp-content\/uploads\/2025\/10\/cropped-ontopco-logo-100x100.png 100w\" sizes=\"(max-width: 511px) 100vw, 511px\" title=\"\">\t\t\t\t\t\t\t\t\t\t\t\t\t\t\t<\/div>\n\t\t\t\t<div class=\"elementor-element elementor-element-25573bd4 elementor-widget__width-initial elementor-widget-mobile__width-inherit elementor-widget-tablet__width-initial elementor-invisible elementor-widget elementor-widget-heading\" data-id=\"25573bd4\" data-element_type=\"widget\" data-settings=\"{&quot;_animation&quot;:&quot;fadeInUp&quot;}\" data-widget_type=\"heading.default\">\n\t\t\t\t\t<h5 class=\"elementor-heading-title elementor-size-default\">Mazs z\u012bmols ar lielu v\u012bziju<\/h5>\t\t\t\t<\/div>\n\t\t\t\t<div class=\"elementor-element elementor-element-1b739e2 elementor-widget__width-initial elementor-widget-mobile__width-inherit elementor-widget-tablet__width-initial elementor-invisible elementor-widget elementor-widget-text-editor\" data-id=\"1b739e2\" data-element_type=\"widget\" data-settings=\"{&quot;_animation&quot;:&quot;fadeInUp&quot;}\" data-widget_type=\"text-editor.default\">\n\t\t\t\t\t\t\t\t\t<p>ONTOPCO<\/p>\t\t\t\t\t\t\t\t<\/div>\n\t\t\t\t<div class=\"elementor-element elementor-element-cb66b09 elementor-widget__width-initial elementor-widget-mobile__width-inherit elementor-widget-tablet__width-initial elementor-invisible elementor-widget elementor-widget-text-editor\" data-id=\"cb66b09\" data-element_type=\"widget\" data-settings=\"{&quot;_animation&quot;:&quot;fadeInUp&quot;}\" data-widget_type=\"text-editor.default\">\n\t\t\t\t\t\t\t\t\t<p data-start=\"756\" data-end=\"948\">ONTOPCO s\u0101k\u0101s k\u0101 neliels neatkar\u012bgs projekts, ko virz\u012bja aizraut\u012bba pret dizainu un kvalitat\u012bvu meistar\u012bbu. M\u0113s nera\u017eojam masveid\u0101 \u2014 m\u0113s rad\u0101m p\u0101rdom\u0101ti, apzin\u0101ti un ar r\u016bp\u0113m.<\/p>\t\t\t\t\t\t\t\t<\/div>\n\t\t\t\t<\/div>\n\t\t<div class=\"elementor-element elementor-element-60a4e3ae e-con-full e-flex e-con e-child\" data-id=\"60a4e3ae\" data-element_type=\"container\">\n\t\t\t\t<div class=\"elementor-element elementor-element-364741d3 elementor-widget__width-initial elementor-widget-mobile__width-inherit elementor-widget-tablet__width-initial elementor-widget elementor-widget-image\" data-id=\"364741d3\" data-element_type=\"widget\" data-widget_type=\"image.default\">\n\t\t\t\t\t\t\t\t\t\t\t\t\t\t\t<img decoding=\"async\" width=\"150\" height=\"150\" src=\"https:\/\/ontopco.com\/wp-content\/uploads\/2025\/10\/red-beanie-white-pompom-winter-fashion-snow-style-150x150.png\" class=\"attachment-thumbnail size-thumbnail wp-image-578\" alt=\"\" srcset=\"https:\/\/ontopco.com\/wp-content\/uploads\/2025\/10\/red-beanie-white-pompom-winter-fashion-snow-style-150x150.png 150w, https:\/\/ontopco.com\/wp-content\/uploads\/2025\/10\/red-beanie-white-pompom-winter-fashion-snow-style-600x600.png 600w, https:\/\/ontopco.com\/wp-content\/uploads\/2025\/10\/red-beanie-white-pompom-winter-fashion-snow-style-100x100.png 100w\" sizes=\"(max-width: 150px) 100vw, 150px\" title=\"\">\t\t\t\t\t\t\t\t\t\t\t\t\t\t\t<\/div>\n\t\t\t\t<div class=\"elementor-element elementor-element-5f52b26a elementor-widget__width-initial elementor-widget-mobile__width-inherit elementor-widget-tablet__width-initial elementor-invisible elementor-widget elementor-widget-heading\" data-id=\"5f52b26a\" data-element_type=\"widget\" data-settings=\"{&quot;_animation&quot;:&quot;fadeInUp&quot;}\" data-widget_type=\"heading.default\">\n\t\t\t\t\t<h5 class=\"elementor-heading-title elementor-size-default\">M\u016bsu v\u0113rt\u012bbas<\/h5>\t\t\t\t<\/div>\n\t\t\t\t<div class=\"elementor-element elementor-element-116e8d13 elementor-widget__width-initial elementor-widget-mobile__width-inherit elementor-widget-tablet__width-initial elementor-invisible elementor-widget elementor-widget-text-editor\" data-id=\"116e8d13\" data-element_type=\"widget\" data-settings=\"{&quot;_animation&quot;:&quot;fadeInUp&quot;}\" data-widget_type=\"text-editor.default\">\n\t\t\t\t\t\t\t\t\t<p>ONTOPCO<\/p>\t\t\t\t\t\t\t\t<\/div>\n\t\t\t\t<div class=\"elementor-element elementor-element-1f462b19 elementor-widget__width-initial elementor-widget-mobile__width-inherit elementor-widget-tablet__width-initial elementor-invisible elementor-widget elementor-widget-text-editor\" data-id=\"1f462b19\" data-element_type=\"widget\" data-settings=\"{&quot;_animation&quot;:&quot;fadeInUp&quot;}\" data-widget_type=\"text-editor.default\">\n\t\t\t\t\t\t\t\t\t<p>Kvalit\u0101te svar\u012bg\u0101ka par daudzumu<br data-start=\"997\" data-end=\"1000\" \/>Atbild\u012bga pieg\u0101de un materi\u0101lu izcelsme<br data-start=\"1022\" data-end=\"1025\" \/>Ra\u017eo\u0161ana maz\u0101s partij\u0101s<br data-start=\"1049\" data-end=\"1052\" \/>God\u012bga un atkl\u0101ta komunik\u0101cija ar klientiem<br data-start=\"1089\" data-end=\"1092\" \/>Ilgtsp\u0113j\u012bgas modes principu iev\u0113ro\u0161ana<\/p>\t\t\t\t\t\t\t\t<\/div>\n\t\t\t\t<\/div>\n\t\t<div class=\"elementor-element elementor-element-7b3c4745 e-con-full e-flex e-con e-child\" data-id=\"7b3c4745\" data-element_type=\"container\">\n\t\t\t\t<div class=\"elementor-element elementor-element-6f585f74 elementor-widget__width-initial elementor-widget-mobile__width-inherit elementor-widget-tablet__width-initial elementor-widget elementor-widget-image\" data-id=\"6f585f74\" data-element_type=\"widget\" data-widget_type=\"image.default\">\n\t\t\t\t\t\t\t\t\t\t\t\t\t\t\t<img decoding=\"async\" width=\"1080\" height=\"1080\" src=\"https:\/\/ontopco.com\/wp-content\/uploads\/2025\/11\/ONTOPKO-LATVIA-LOCATION-IN-EIROPA.webp\" class=\"attachment-full size-full wp-image-924\" alt=\"\" srcset=\"https:\/\/ontopco.com\/wp-content\/uploads\/2025\/11\/ONTOPKO-LATVIA-LOCATION-IN-EIROPA.webp 1080w, https:\/\/ontopco.com\/wp-content\/uploads\/2025\/11\/ONTOPKO-LATVIA-LOCATION-IN-EIROPA-300x300.webp 300w, https:\/\/ontopco.com\/wp-content\/uploads\/2025\/11\/ONTOPKO-LATVIA-LOCATION-IN-EIROPA-1024x1024.webp 1024w, https:\/\/ontopco.com\/wp-content\/uploads\/2025\/11\/ONTOPKO-LATVIA-LOCATION-IN-EIROPA-150x150.webp 150w, https:\/\/ontopco.com\/wp-content\/uploads\/2025\/11\/ONTOPKO-LATVIA-LOCATION-IN-EIROPA-768x768.webp 768w, https:\/\/ontopco.com\/wp-content\/uploads\/2025\/11\/ONTOPKO-LATVIA-LOCATION-IN-EIROPA-12x12.webp 12w, https:\/\/ontopco.com\/wp-content\/uploads\/2025\/11\/ONTOPKO-LATVIA-LOCATION-IN-EIROPA-600x600.webp 600w, https:\/\/ontopco.com\/wp-content\/uploads\/2025\/11\/ONTOPKO-LATVIA-LOCATION-IN-EIROPA-800x800.webp 800w, https:\/\/ontopco.com\/wp-content\/uploads\/2025\/11\/ONTOPKO-LATVIA-LOCATION-IN-EIROPA-100x100.webp 100w\" sizes=\"(max-width: 1080px) 100vw, 1080px\" title=\"\">\t\t\t\t\t\t\t\t\t\t\t\t\t\t\t<\/div>\n\t\t\t\t<div class=\"elementor-element elementor-element-70e26229 elementor-widget__width-initial elementor-widget-mobile__width-inherit elementor-widget-tablet__width-initial elementor-invisible elementor-widget elementor-widget-heading\" data-id=\"70e26229\" data-element_type=\"widget\" data-settings=\"{&quot;_animation&quot;:&quot;fadeInUp&quot;}\" data-widget_type=\"heading.default\">\n\t\t\t\t\t<h5 class=\"elementor-heading-title elementor-size-default\">B\u0101z\u0113ts Eirop\u0101<\/h5>\t\t\t\t<\/div>\n\t\t\t\t<div class=\"elementor-element elementor-element-460b5574 elementor-widget__width-initial elementor-widget-mobile__width-inherit elementor-widget-tablet__width-initial elementor-invisible elementor-widget elementor-widget-text-editor\" data-id=\"460b5574\" data-element_type=\"widget\" data-settings=\"{&quot;_animation&quot;:&quot;fadeInUp&quot;}\" data-widget_type=\"text-editor.default\">\n\t\t\t\t\t\t\t\t\t<p>ONTOPCO<\/p>\t\t\t\t\t\t\t\t<\/div>\n\t\t\t\t<div class=\"elementor-element elementor-element-132dbc3e elementor-widget__width-initial elementor-widget-mobile__width-inherit elementor-widget-tablet__width-initial elementor-invisible elementor-widget elementor-widget-text-editor\" data-id=\"132dbc3e\" data-element_type=\"widget\" data-settings=\"{&quot;_animation&quot;:&quot;fadeInUp&quot;}\" data-widget_type=\"text-editor.default\">\n\t\t\t\t\t\t\t\t\t<p>ONTOPCO atrodas Latvij\u0101 (ES), un m\u0113s pieg\u0101d\u0101jam savus produktus klientiem vis\u0101 pasaul\u0113.<\/p>\t\t\t\t\t\t\t\t<\/div>\n\t\t\t\t<\/div>\n\t\t\t\t<\/div>\n\t\t\t\t<\/div>\n\t\t\t\t<\/div>","protected":false},"excerpt":{"rendered":"<p>Welcome to ONTOPCO Discover the latest trends and timeless classics at ONTOPCO, your ultimate destination for quality clothing and exceptional style. About ONTOPCO Who We Are ONTOPCO is a European knitwear brand based in Riga Latvia (EU), dedicated to creating cozy, stylish, and carefully-crafted accessories for everyday life.&nbsp; We focus on timeless design, authentic aesthetics, [&hellip;]<\/p>","protected":false},"author":2,"featured_media":0,"parent":0,"menu_order":0,"comment_status":"closed","ping_status":"closed","template":"","meta":{"two_page_speed":[],"footnotes":""},"class_list":["post-886","page","type-page","status-publish","hentry"],"_links":{"self":[{"href":"https:\/\/ontopco.com\/lv\/wp-json\/wp\/v2\/pages\/886","targetHints":{"allow":["GET"]}}],"collection":[{"href":"https:\/\/ontopco.com\/lv\/wp-json\/wp\/v2\/pages"}],"about":[{"href":"https:\/\/ontopco.com\/lv\/wp-json\/wp\/v2\/types\/page"}],"author":[{"embeddable":true,"href":"https:\/\/ontopco.com\/lv\/wp-json\/wp\/v2\/users\/2"}],"replies":[{"embeddable":true,"href":"https:\/\/ontopco.com\/lv\/wp-json\/wp\/v2\/comments?post=886"}],"version-history":[{"count":0,"href":"https:\/\/ontopco.com\/lv\/wp-json\/wp\/v2\/pages\/886\/revisions"}],"wp:attachment":[{"href":"https:\/\/ontopco.com\/lv\/wp-json\/wp\/v2\/media?parent=886"}],"curies":[{"name":"wp","href":"https:\/\/api.w.org\/{rel}","templated":true}]}}